{"id":6549,"date":"2022-01-17T16:26:04","date_gmt":"2022-01-17T14:26:04","guid":{"rendered":"https:\/\/www.editionfredebold.de\/?post_type=product&#038;p=6549"},"modified":"2022-01-19T15:58:15","modified_gmt":"2022-01-19T13:58:15","slug":"mit-dem-fahrrad-durch-die-usa-kopie","status":"publish","type":"product","link":"https:\/\/www.editionfredebold.de\/index.php\/produkt\/mit-dem-fahrrad-durch-die-usa-kopie\/","title":{"rendered":"Mit dem Fahrrad durch die USA &#8211; eBook"},"content":{"rendered":"<p>&#8222;Du f\u00e4hrst gern Fahrrad, hast sportliche Ambitionen und einen Sinn f\u00fcr Abenteuer? In diesem Fall ist die Durchquerung der USA &#8211; d. h. eine Fahrt vom Atlantik zum Pazifik oder umgekehrt &#8211; mit dem Fahrrad genau das Richtige f\u00fcr dich. Viele Gr\u00fcnde sprechen daf\u00fcr:<br \/>\n&#8211; Die USA bieten zum Fahrradfahren eine optimale Infrastruktur.<br \/>\n&#8211; Das Land bietet eine gro\u00dfe Menge an wundersch\u00f6ner Natur, die man beim Radfahren besonders intensiv erleben und genie\u00dfen kann.<br \/>\n&#8211; Je nach Auswahl der Strecke l\u00e4sst sich die Route (von 4.500 &#8211; 5.500 km) in gut 6 Wochen oder schneller bew\u00e4ltigen. Somit k\u00f6nnen Sch\u00fcler\u00a0<span class=\"\">und<\/span>\u00a0Studenten diese Tour in ihren Sommer- bzw. Semesterferien durchf\u00fchren, Arbeitnehmer k\u00f6nnen die Tour in ihrem sechsw\u00f6chigen Jahresurlaub absolvieren.<br \/>\n&#8211; Trainings- und Reisekilometer tragen mit Sicherheit daf\u00fcr Sorge, dass s\u00e4mtliches \u00fcberfl\u00fcssiges K\u00f6rperfett abgebaut wird und sich der K\u00f6rper um 10 Jahre verj\u00fcngt.<br \/>\n&#8211; Kurzum: Eine USA-Durchquerung per Fahrrad ist ein Abenteuer f\u00fcr jeden, der die sportliche Herausforderung sucht. K\u00f6rperliche und geistige Grunderneuerung sind bei dieser Reise garantiert. Diese Gr\u00fcnde fand ich bei meinen eigenen Durchquerungen der USA in den Jahren 2010 und 2014 vollst\u00e4ndig best\u00e4tigt. Die Erlebnisse dieser Reisen begeistern mich nach wie vor. Deshalb m\u00f6chte ich dich in die Lage versetzen, diese Tour selber problemlos wiederholen zu k\u00f6nnen.<br \/>\nWie jede l\u00e4ngere Reise setzt auch eine USA-Durchquerung per Fahrrad einen gewissen Aufwand an Vorbereitung voraus. Dieses Buch soll dir die Vorbereitung erleichtern. Es enth\u00e4lt eine detaillierte, kochrezept\u00e4hnliche Anleitung, wie du eine USA-Durchquerung per Fahrrad durchf\u00fchren kannst. Dies schlie\u00dft einen detaillierten Routenvorschlag (einschlie\u00dflich GPS-Dateien), \u00dcbernachtungsm\u00f6glichkeiten, Aussagen zu Stra\u00dfenqualit\u00e4t, Klima, Flora und Fauna sowie Tipps zu Ausr\u00fcstung und Training ein. Dieses Buch ist auch f\u00fcr all diejenigen interessant, die die USA nur zum Teil durchqueren wollen oder die nach einer sch\u00f6nen Route f\u00fcr eine l\u00e4ngere Fahrradtour in den USA suchen.&#8220;<\/p>\n<p>&nbsp;<\/p>\n","protected":false},"excerpt":{"rendered":"<p>&#8222;Du f\u00e4hrst gern Fahrrad, hast sportliche Ambitionen und einen Sinn f\u00fcr Abenteuer? In diesem Fall ist die Durchquerung der USA &#8211; d. h. eine Fahrt vom Atlantik zum Pazifik oder umgekehrt &#8211; mit dem Fahrrad genau das Richtige f\u00fcr dich. Viele Gr\u00fcnde sprechen daf\u00fcr: &#8211; Die USA bieten zum Fahrradfahren eine optimale Infrastruktur. &#8211; Das [&hellip;]<\/p>\n","protected":false},"featured_media":6543,"comment_status":"closed","ping_status":"closed","template":"","meta":[],"product_brand":[],"product_cat":[174],"product_tag":[],"class_list":{"0":"post-6549","1":"product","2":"type-product","3":"status-publish","4":"has-post-thumbnail","6":"product_cat-ebook","7":"product_shipping_class-buch","9":"first","10":"instock","11":"downloadable","12":"virtual","13":"taxable","14":"purchasable","15":"product-type-simple"},"_links":{"self":[{"href":"https:\/\/www.editionfredebold.de\/index.php\/wp-json\/wp\/v2\/product\/6549","targetHints":{"allow":["GET"]}}],"collection":[{"href":"https:\/\/www.editionfredebold.de\/index.php\/wp-json\/wp\/v2\/product"}],"about":[{"href":"https:\/\/www.editionfredebold.de\/index.php\/wp-json\/wp\/v2\/types\/product"}],"replies":[{"embeddable":true,"href":"https:\/\/www.editionfredebold.de\/index.php\/wp-json\/wp\/v2\/comments?post=6549"}],"wp:featuredmedia":[{"embeddable":true,"href":"https:\/\/www.editionfredebold.de\/index.php\/wp-json\/wp\/v2\/media\/6543"}],"wp:attachment":[{"href":"https:\/\/www.editionfredebold.de\/index.php\/wp-json\/wp\/v2\/media?parent=6549"}],"wp:term":[{"taxonomy":"product_brand","embeddable":true,"href":"https:\/\/www.editionfredebold.de\/index.php\/wp-json\/wp\/v2\/product_brand?post=6549"},{"taxonomy":"product_cat","embeddable":true,"href":"https:\/\/www.editionfredebold.de\/index.php\/wp-json\/wp\/v2\/product_cat?post=6549"},{"taxonomy":"product_tag","embeddable":true,"href":"https:\/\/www.editionfredebold.de\/index.php\/wp-json\/wp\/v2\/product_tag?post=6549"}],"curies":[{"name":"wp","href":"https:\/\/api.w.org\/{rel}","templated":true}]}}