{"id":6540,"date":"2022-01-17T14:25:13","date_gmt":"2022-01-17T12:25:13","guid":{"rendered":"https:\/\/www.editionfredebold.de\/?post_type=product&#038;p=6540"},"modified":"2022-01-19T16:02:00","modified_gmt":"2022-01-19T14:02:00","slug":"krummbuechel-und-die-baustelle-des-leben-2","status":"publish","type":"product","link":"https:\/\/www.editionfredebold.de\/index.php\/produkt\/krummbuechel-und-die-baustelle-des-leben-2\/","title":{"rendered":"KRUMMB\u00dcCHEL und die Baustelle des Lebens &#8211; eBook"},"content":{"rendered":"<p>Ulrich List entschied sich im Alter von 60 Jahren, sein Leben neu zu ordnen. Er schrieb sich alles mit einem augenzwinkernden Humor von der Seele. Mal nachdenklich, mal humoristisch oder kabarettreif und doch wieder bis in die Wurzeln tiefgehend und teilweise provozierend, was den Leser treffend ber\u00fchrt und zum Nachdenken anregt \u2013 manchmal mit ganz neuen Ans\u00e4tzen.<br \/>\nEr schl\u00fcpft in die Rolle des Bauarbeiters Krummb\u00fcchel und schaut dabei den Menschen auf den Mund. Krummb\u00fcchel teilt kr\u00e4ftig aus. Mal stimmungsvoll, mal sarkastisch, aber am Ende immer liebenswert. Der Autor schenkt uns neben Krummb\u00fcchels Erkenntnissen auch die eine oder andere k\u00f6lnische Baustelle des Lebens. In \u201eJanz K\u00f6lle kapodd\u201c beschreibt er mit tiefgehender Wehmut seine Geburtsstadt K\u00f6ln, als sie nach Kriegsende in Tr\u00fcmmern und Schutt lag und was aus ihr geworden ist, um uns gleich darauf mit dem Liebesgedicht \u201eIch kann nit f\u00fcr dich friere\u201c in melancholische Welten zu entf\u00fchren.<\/p>\n","protected":false},"excerpt":{"rendered":"<p>Ulrich List entschied sich im Alter von 60 Jahren, sein Leben neu zu ordnen. Er schrieb sich alles mit einem augenzwinkernden Humor von der Seele. Mal nachdenklich, mal humoristisch oder kabarettreif und doch wieder bis in die Wurzeln tiefgehend und teilweise provozierend, was den Leser treffend ber\u00fchrt und zum Nachdenken anregt \u2013 manchmal mit ganz [&hellip;]<\/p>\n","protected":false},"featured_media":4529,"comment_status":"closed","ping_status":"closed","template":"","meta":[],"product_brand":[],"product_cat":[174],"product_tag":[],"class_list":{"0":"post-6540","1":"product","2":"type-product","3":"status-publish","4":"has-post-thumbnail","6":"product_cat-ebook","7":"product_shipping_class-buch","9":"first","10":"instock","11":"downloadable","12":"virtual","13":"taxable","14":"purchasable","15":"product-type-simple"},"_links":{"self":[{"href":"https:\/\/www.editionfredebold.de\/index.php\/wp-json\/wp\/v2\/product\/6540","targetHints":{"allow":["GET"]}}],"collection":[{"href":"https:\/\/www.editionfredebold.de\/index.php\/wp-json\/wp\/v2\/product"}],"about":[{"href":"https:\/\/www.editionfredebold.de\/index.php\/wp-json\/wp\/v2\/types\/product"}],"replies":[{"embeddable":true,"href":"https:\/\/www.editionfredebold.de\/index.php\/wp-json\/wp\/v2\/comments?post=6540"}],"wp:featuredmedia":[{"embeddable":true,"href":"https:\/\/www.editionfredebold.de\/index.php\/wp-json\/wp\/v2\/media\/4529"}],"wp:attachment":[{"href":"https:\/\/www.editionfredebold.de\/index.php\/wp-json\/wp\/v2\/media?parent=6540"}],"wp:term":[{"taxonomy":"product_brand","embeddable":true,"href":"https:\/\/www.editionfredebold.de\/index.php\/wp-json\/wp\/v2\/product_brand?post=6540"},{"taxonomy":"product_cat","embeddable":true,"href":"https:\/\/www.editionfredebold.de\/index.php\/wp-json\/wp\/v2\/product_cat?post=6540"},{"taxonomy":"product_tag","embeddable":true,"href":"https:\/\/www.editionfredebold.de\/index.php\/wp-json\/wp\/v2\/product_tag?post=6540"}],"curies":[{"name":"wp","href":"https:\/\/api.w.org\/{rel}","templated":true}]}}