{"id":6452,"date":"2022-01-12T10:41:12","date_gmt":"2022-01-12T08:41:12","guid":{"rendered":"https:\/\/www.editionfredebold.de\/?post_type=product&#038;p=6452"},"modified":"2022-01-19T16:03:08","modified_gmt":"2022-01-19T14:03:08","slug":"das-spinnennetz-und-eine-geschichte-erzaehlen","status":"publish","type":"product","link":"https:\/\/www.editionfredebold.de\/index.php\/produkt\/das-spinnennetz-und-eine-geschichte-erzaehlen\/","title":{"rendered":"Das Spinnennetz und eine Geschichte erz\u00e4hlen &#8211; eBook"},"content":{"rendered":"<p>Wer eine Geschichte erz\u00e4hlen will sollte wissen, woraus sie gemacht ist. Klingt logisch, aber was genau ist damit gemeint?<\/p>\n<p>Praxisnah ergr\u00fcndet der Schreibbegleiter \u201eIm Spinnennetz\u201c diese Frage und stellt die erz\u00e4hlenden Elemente (Genre, Thema, Plot) und gestalterischen Mittel (Form, Stil, Spannung) vor, aus deren Zusammenspiel eine Geschichte entsteht.<\/p>\n<p>Du erf\u00e4hrst, welche erz\u00e4hlerischen Muster ein Genre bestimmen und wie sie sich f\u00fcrs Schreiben nutzen lassen. Petra Steuber stellt die gro\u00dfen Themen der Literatur und erfolgreiche Plots vor und erkl\u00e4rt, wie du aus einer menschlichen Herausforderung (oder einem interessanten Problem) selbst einen guten Plot gewinnen kannst.<\/p>\n<p>Spannungsb\u00f6gen ziehen, Konflikte schaffen und aktive Fragen stellen \u2013 diese Werkzeuge sind zur Gestaltung einer Geschichte genauso wichtig wie die Kenntnis dar\u00fcber, was Spannung eigentlich ist und wie sich die Empfindungen des Lesers steuern lassen.<\/p>\n<p>\u201eEine Geschichte schreiben ist wie ein Spinnennetz weben, alles h\u00e4ngt mit allem zusammen und schon die kleinste Vibration kann eine Katastrophe ausl\u00f6sen\u201c, sagt Petra Steuber. \u201eJede Entscheidung, die du f\u00fcr eines der Elemente triffst, hat Folgen f\u00fcr alle anderen.&#8220;<\/p>\n<p>Um die Elemente des \u201eSpinnennetzes\u201c begreifbar zu machen, erg\u00e4nzt die Lektorin ihre Erfahrungen durch die des Drehbuchautors Nick, der mit seiner Meinung nie hinter dem Berg h\u00e4lt. Mit der Mischung aus Theorie und Anwendung hilft dir der Schreibbegleiter deine Geschichte so originell und spannend zu spinnen, dass jeder Leser gern die Fliege ist.<\/p>\n","protected":false},"excerpt":{"rendered":"<p>Wer eine Geschichte erz\u00e4hlen will sollte wissen, woraus sie gemacht ist. Klingt logisch, aber was genau ist damit gemeint? Praxisnah ergr\u00fcndet der Schreibbegleiter \u201eIm Spinnennetz\u201c diese Frage und stellt die erz\u00e4hlenden Elemente (Genre, Thema, Plot) und gestalterischen Mittel (Form, Stil, Spannung) vor, aus deren Zusammenspiel eine Geschichte entsteht. Du erf\u00e4hrst, welche erz\u00e4hlerischen Muster ein Genre [&hellip;]<\/p>\n","protected":false},"featured_media":6695,"comment_status":"closed","ping_status":"closed","template":"","meta":[],"product_brand":[],"product_cat":[174],"product_tag":[],"class_list":{"0":"post-6452","1":"product","2":"type-product","3":"status-publish","4":"has-post-thumbnail","6":"product_cat-ebook","8":"first","9":"instock","10":"downloadable","11":"virtual","12":"sold-individually","13":"taxable","14":"purchasable","15":"product-type-simple"},"_links":{"self":[{"href":"https:\/\/www.editionfredebold.de\/index.php\/wp-json\/wp\/v2\/product\/6452","targetHints":{"allow":["GET"]}}],"collection":[{"href":"https:\/\/www.editionfredebold.de\/index.php\/wp-json\/wp\/v2\/product"}],"about":[{"href":"https:\/\/www.editionfredebold.de\/index.php\/wp-json\/wp\/v2\/types\/product"}],"replies":[{"embeddable":true,"href":"https:\/\/www.editionfredebold.de\/index.php\/wp-json\/wp\/v2\/comments?post=6452"}],"wp:featuredmedia":[{"embeddable":true,"href":"https:\/\/www.editionfredebold.de\/index.php\/wp-json\/wp\/v2\/media\/6695"}],"wp:attachment":[{"href":"https:\/\/www.editionfredebold.de\/index.php\/wp-json\/wp\/v2\/media?parent=6452"}],"wp:term":[{"taxonomy":"product_brand","embeddable":true,"href":"https:\/\/www.editionfredebold.de\/index.php\/wp-json\/wp\/v2\/product_brand?post=6452"},{"taxonomy":"product_cat","embeddable":true,"href":"https:\/\/www.editionfredebold.de\/index.php\/wp-json\/wp\/v2\/product_cat?post=6452"},{"taxonomy":"product_tag","embeddable":true,"href":"https:\/\/www.editionfredebold.de\/index.php\/wp-json\/wp\/v2\/product_tag?post=6452"}],"curies":[{"name":"wp","href":"https:\/\/api.w.org\/{rel}","templated":true}]}}