{"id":6451,"date":"2022-01-12T10:38:47","date_gmt":"2022-01-12T08:38:47","guid":{"rendered":"https:\/\/www.editionfredebold.de\/?post_type=product&#038;p=6451"},"modified":"2022-01-19T16:06:24","modified_gmt":"2022-01-19T14:06:24","slug":"von-ueberfliegern-normalos-und-jammerlappen","status":"publish","type":"product","link":"https:\/\/www.editionfredebold.de\/index.php\/produkt\/von-ueberfliegern-normalos-und-jammerlappen\/","title":{"rendered":"Von \u00dcberfliegern, Normalos und Jammerlappen &#8211; eBook"},"content":{"rendered":"<p style=\"font-weight: 400;\">Mittlerweile hat sich auch in Schreibanf\u00e4nger-Kreisen herumgesprochen, was eine Figur braucht, um den Leser zu fesseln: St\u00e4rken und Schw\u00e4chen, eine Kindheit, ein Geheimnis und eine Motivation. Das ist alles gut und richtig. Aber woher nehmen, wenn nicht stehlen \u2013 oder noch schlimmer zusammenbasteln?<\/p>\n<p style=\"font-weight: 400;\">Petra Steuber zeigt, wie eine Figur sich quasi von selber baut, wenn sie eine stabile Pers\u00f6nlichkeit und ein seelisches Brachland hat, in der \u201evergessenes\u201c Potential schlummert. Kompetent stellt sie die Grundlagen vor, nach denen es jedem gelingt eine Figur zu schaffen, die\u00a0<i><em>aus sich heraus<\/em><\/i>\u00a0Konflikte anzettelt, handelt und an ihren Macken verzweifelt oder w\u00e4chst.<\/p>\n<p style=\"font-weight: 400;\">\u201eDu brauchst eine Figur, die den Sinn deiner Geschichte tr\u00e4gt\u201c, sagt Petra Steuber, \u201edie dem Leser das Gef\u00fchl gibt, ihm nah zu sein und durch die er etwas \u00fcber sein eigenes Leben erf\u00e4hrt.\u201c<\/p>\n<p style=\"font-weight: 400;\">Die Lektorin und Autorin zeigt, wie du verschiedene psychologische Modelle und Typisierungen nutzt, um eine komplexe und glaubw\u00fcrdige Figur zu schaffen. Sie erkl\u00e4rt, warum die Pers\u00f6nlichkeit Fluch und Segen zugleich ist, wie Dinge ins Unbewusste rutschen und wie \u201eschwierige Charaktere\u201c entstehen. Du lernst den Narziss im Alltag kennen und verstehst, warum der stille introvertierte Kommissar stets eine draufg\u00e4ngerische Assistentin braucht.<\/p>\n","protected":false},"excerpt":{"rendered":"<p>Mittlerweile hat sich auch in Schreibanf\u00e4nger-Kreisen herumgesprochen, was eine Figur braucht, um den Leser zu fesseln: St\u00e4rken und Schw\u00e4chen, eine Kindheit, ein Geheimnis und eine Motivation. Das ist alles gut und richtig. Aber woher nehmen, wenn nicht stehlen \u2013 oder noch schlimmer zusammenbasteln? Petra Steuber zeigt, wie eine Figur sich quasi von selber baut, wenn [&hellip;]<\/p>\n","protected":false},"featured_media":6697,"comment_status":"closed","ping_status":"closed","template":"","meta":[],"product_brand":[],"product_cat":[174],"product_tag":[],"class_list":{"0":"post-6451","1":"product","2":"type-product","3":"status-publish","4":"has-post-thumbnail","6":"product_cat-ebook","8":"first","9":"instock","10":"downloadable","11":"virtual","12":"taxable","13":"purchasable","14":"product-type-simple"},"_links":{"self":[{"href":"https:\/\/www.editionfredebold.de\/index.php\/wp-json\/wp\/v2\/product\/6451","targetHints":{"allow":["GET"]}}],"collection":[{"href":"https:\/\/www.editionfredebold.de\/index.php\/wp-json\/wp\/v2\/product"}],"about":[{"href":"https:\/\/www.editionfredebold.de\/index.php\/wp-json\/wp\/v2\/types\/product"}],"replies":[{"embeddable":true,"href":"https:\/\/www.editionfredebold.de\/index.php\/wp-json\/wp\/v2\/comments?post=6451"}],"wp:featuredmedia":[{"embeddable":true,"href":"https:\/\/www.editionfredebold.de\/index.php\/wp-json\/wp\/v2\/media\/6697"}],"wp:attachment":[{"href":"https:\/\/www.editionfredebold.de\/index.php\/wp-json\/wp\/v2\/media?parent=6451"}],"wp:term":[{"taxonomy":"product_brand","embeddable":true,"href":"https:\/\/www.editionfredebold.de\/index.php\/wp-json\/wp\/v2\/product_brand?post=6451"},{"taxonomy":"product_cat","embeddable":true,"href":"https:\/\/www.editionfredebold.de\/index.php\/wp-json\/wp\/v2\/product_cat?post=6451"},{"taxonomy":"product_tag","embeddable":true,"href":"https:\/\/www.editionfredebold.de\/index.php\/wp-json\/wp\/v2\/product_tag?post=6451"}],"curies":[{"name":"wp","href":"https:\/\/api.w.org\/{rel}","templated":true}]}}