{"id":6450,"date":"2022-01-12T10:28:19","date_gmt":"2022-01-12T08:28:19","guid":{"rendered":"https:\/\/www.editionfredebold.de\/?post_type=product&#038;p=6450"},"modified":"2022-01-19T16:06:54","modified_gmt":"2022-01-19T14:06:54","slug":"die-stimme-des-autors-und-seiner-figuren","status":"publish","type":"product","link":"https:\/\/www.editionfredebold.de\/index.php\/produkt\/die-stimme-des-autors-und-seiner-figuren\/","title":{"rendered":"Die Stimme des Autors und seiner Figuren &#8211; eBook"},"content":{"rendered":"<p>Wer spricht eigentlich, wenn ich schreibe? Meine Stimme klingt auf dem Papier anders, ja fast schon fremd. Was ist da los? Im vierten Teil des Schreibbegleiters \u201aDie Stimme des Autors und seiner Figuren\u2018 geht Petra Steuber der Frage nach, warum es nicht ganz falsch ist, einen Autor als multiples Wesen zu bezeichnen und erkl\u00e4rt, welche Stimmen man zum Schreiben braucht und wie man sie beherrscht.<\/p>\n<p>Du erf\u00e4hrst, wie der besondere Klang einer Erz\u00e4hlerstimme entsteht und warum man der Erz\u00e4hlung, aber nicht dem Ich-Erz\u00e4hler trauen sollte. Um die Stimmen der Figuren glaubhaft und individuell zu entwickeln, zeigt Petra Steuber, wie sich Modelle aus der Kommunikationspsychologie als Werkzeuge nutzen lassen, sodass aus Dialogen geschliffene Wortgefechte werden und sich deine Figuren in einer Art ausdr\u00fccken k\u00f6nnen, die dir bis dahin v\u00f6llig fremd war. Die erfahrene Lektorin kl\u00e4rt zus\u00e4tzlich dar\u00fcber auf, was einen guten Buchanfang ausmacht, warum Schimpfworte oft zu viel des Schlechten sind und wie man sein Manuskript gelungen bei einem Verlag vorstellt, damit die eigene Stimme nicht in der heimischen Schublade dumpf verklingt.<\/p>\n<p>Bis sich eine unverwechselbare Autorenstimme gebildet hat, die der Leser wiedererkennt, dauert es lange. Und neben dem Schreiben, dem Scheitern und Weitermachen lauern auf dem Weg zu dieser Stimme noch fiese Gruben voller Angst, Verwirrung und Gr\u00f6\u00dfenwahn. \u201eDoch irgendwann spricht deine Autorenstimme und dann wei\u00dft du: so muss ich klingen, damit ich mir selber glaube. Das ist das Ger\u00e4usch was ich mache, wenn ich schreibe\u201c, sagt Petra Steuber. Und nicht mal Fliegen ist in dem Moment sch\u00f6ner.<\/p>\n<p>&nbsp;<\/p>\n","protected":false},"excerpt":{"rendered":"<p>Wer spricht eigentlich, wenn ich schreibe? Meine Stimme klingt auf dem Papier anders, ja fast schon fremd. Was ist da los? Im vierten Teil des Schreibbegleiters \u201aDie Stimme des Autors und seiner Figuren\u2018 geht Petra Steuber der Frage nach, warum es nicht ganz falsch ist, einen Autor als multiples Wesen zu bezeichnen und erkl\u00e4rt, welche [&hellip;]<\/p>\n","protected":false},"featured_media":6699,"comment_status":"closed","ping_status":"closed","template":"","meta":[],"product_brand":[],"product_cat":[174],"product_tag":[],"class_list":{"0":"post-6450","1":"product","2":"type-product","3":"status-publish","4":"has-post-thumbnail","6":"product_cat-ebook","8":"first","9":"instock","10":"downloadable","11":"virtual","12":"taxable","13":"purchasable","14":"product-type-simple"},"_links":{"self":[{"href":"https:\/\/www.editionfredebold.de\/index.php\/wp-json\/wp\/v2\/product\/6450","targetHints":{"allow":["GET"]}}],"collection":[{"href":"https:\/\/www.editionfredebold.de\/index.php\/wp-json\/wp\/v2\/product"}],"about":[{"href":"https:\/\/www.editionfredebold.de\/index.php\/wp-json\/wp\/v2\/types\/product"}],"replies":[{"embeddable":true,"href":"https:\/\/www.editionfredebold.de\/index.php\/wp-json\/wp\/v2\/comments?post=6450"}],"wp:featuredmedia":[{"embeddable":true,"href":"https:\/\/www.editionfredebold.de\/index.php\/wp-json\/wp\/v2\/media\/6699"}],"wp:attachment":[{"href":"https:\/\/www.editionfredebold.de\/index.php\/wp-json\/wp\/v2\/media?parent=6450"}],"wp:term":[{"taxonomy":"product_brand","embeddable":true,"href":"https:\/\/www.editionfredebold.de\/index.php\/wp-json\/wp\/v2\/product_brand?post=6450"},{"taxonomy":"product_cat","embeddable":true,"href":"https:\/\/www.editionfredebold.de\/index.php\/wp-json\/wp\/v2\/product_cat?post=6450"},{"taxonomy":"product_tag","embeddable":true,"href":"https:\/\/www.editionfredebold.de\/index.php\/wp-json\/wp\/v2\/product_tag?post=6450"}],"curies":[{"name":"wp","href":"https:\/\/api.w.org\/{rel}","templated":true}]}}