{"id":6448,"date":"2022-01-12T10:20:57","date_gmt":"2022-01-12T08:20:57","guid":{"rendered":"https:\/\/www.editionfredebold.de\/?post_type=product&#038;p=6448"},"modified":"2022-01-19T16:08:21","modified_gmt":"2022-01-19T14:08:21","slug":"geistesblitze-und-elektrische-gedanken","status":"publish","type":"product","link":"https:\/\/www.editionfredebold.de\/index.php\/produkt\/geistesblitze-und-elektrische-gedanken\/","title":{"rendered":"Geistesblitze und elektrische Gedanken! &#8211; eBook"},"content":{"rendered":"<p>Der Schreibbegleiter unterst\u00fctzt alle Schreibbegeisterten \u2013 ob jung oder alt \u2013 die die Grundlagen des Schreibens erlernen m\u00f6chten, um ihre \u201everliebten\u201c Gedanken zu einer Geschichte reifen zu lassen.<br \/>\nPraktisch und unkompliziert vermittelt der Schreibbegleiter den Umgang mit dem unentbehrlichen Handwerkszeug des Schreibens. Denn erst der wissende Umgang mit dem Handwerkzeug macht das Schreiben zum Genuss (und letztlich erfolgreich!).<br \/>\nDu erf\u00e4hrst Schritt f\u00fcr Schritt, wie du mit einer Pr\u00e4misse arbeitest, deinen roten Faden findest und den \u201eBauplan\u201c deiner Geschichte erstellst.<\/p>\n<p>Aber auch die dunklen Seiten des \u201aAbenteuer Schreiben\u2018 werden behandelt. Du lernst, welche Fallen auf dich warten, wie du mit den \u201aSeelen in deiner Brust\u2018 umgehst, die \u00fcberkritisch oder nahezu gr\u00f6\u00dfenwahnsinnig dein Schreiben torpedieren, und wie wichtig es ist, sich \u00fcber die eigenen Motive und Gef\u00fchle im Klaren zu sein.<\/p>\n<p>Die erfahrene Autorin und Lektorin Petra Steuber beleuchtet die Schritte des Schreibprozesses von verschieden Seiten und erkl\u00e4rt, wie man aus Geistesblitzen eine Idee gewinnt und diese zu einer Geschichte ausbaut. Sie berichtet von ihrer Erfahrung, erstellt Checklisten, l\u00e4sst den Drehbuchautor Nick zu Wort kommen, der oft anderer Meinung ist als sie selbst, und zeigt an einem praktischen Beispiel alle Schritte, die n\u00f6tig sind, um eine spannende Geschichte zu erz\u00e4hlen:<\/p>\n<p>\u201eDas Schreiben beginnt lange bevor du schreibst. Es beginnt mit einem Gedanken, der sich anders anf\u00fchlt als ein normaler Gedanke. Es f\u00fchlt sich an, als seist du in den Gedanken verliebt\u201c, sagt Petra Steuber.<\/p>\n<p>&nbsp;<\/p>\n","protected":false},"excerpt":{"rendered":"<p>Der Schreibbegleiter unterst\u00fctzt alle Schreibbegeisterten \u2013 ob jung oder alt \u2013 die die Grundlagen des Schreibens erlernen m\u00f6chten, um ihre \u201everliebten\u201c Gedanken zu einer Geschichte reifen zu lassen. Praktisch und unkompliziert vermittelt der Schreibbegleiter den Umgang mit dem unentbehrlichen Handwerkszeug des Schreibens. Denn erst der wissende Umgang mit dem Handwerkzeug macht das Schreiben zum Genuss [&hellip;]<\/p>\n","protected":false},"featured_media":6700,"comment_status":"closed","ping_status":"closed","template":"","meta":[],"product_brand":[],"product_cat":[174],"product_tag":[],"class_list":{"0":"post-6448","1":"product","2":"type-product","3":"status-publish","4":"has-post-thumbnail","6":"product_cat-ebook","8":"first","9":"instock","10":"downloadable","11":"virtual","12":"taxable","13":"purchasable","14":"product-type-simple"},"_links":{"self":[{"href":"https:\/\/www.editionfredebold.de\/index.php\/wp-json\/wp\/v2\/product\/6448","targetHints":{"allow":["GET"]}}],"collection":[{"href":"https:\/\/www.editionfredebold.de\/index.php\/wp-json\/wp\/v2\/product"}],"about":[{"href":"https:\/\/www.editionfredebold.de\/index.php\/wp-json\/wp\/v2\/types\/product"}],"replies":[{"embeddable":true,"href":"https:\/\/www.editionfredebold.de\/index.php\/wp-json\/wp\/v2\/comments?post=6448"}],"wp:featuredmedia":[{"embeddable":true,"href":"https:\/\/www.editionfredebold.de\/index.php\/wp-json\/wp\/v2\/media\/6700"}],"wp:attachment":[{"href":"https:\/\/www.editionfredebold.de\/index.php\/wp-json\/wp\/v2\/media?parent=6448"}],"wp:term":[{"taxonomy":"product_brand","embeddable":true,"href":"https:\/\/www.editionfredebold.de\/index.php\/wp-json\/wp\/v2\/product_brand?post=6448"},{"taxonomy":"product_cat","embeddable":true,"href":"https:\/\/www.editionfredebold.de\/index.php\/wp-json\/wp\/v2\/product_cat?post=6448"},{"taxonomy":"product_tag","embeddable":true,"href":"https:\/\/www.editionfredebold.de\/index.php\/wp-json\/wp\/v2\/product_tag?post=6448"}],"curies":[{"name":"wp","href":"https:\/\/api.w.org\/{rel}","templated":true}]}}