{"id":6447,"date":"2022-01-11T17:10:18","date_gmt":"2022-01-11T15:10:18","guid":{"rendered":"https:\/\/www.editionfredebold.de\/?post_type=product&#038;p=6447"},"modified":"2022-03-28T11:20:48","modified_gmt":"2022-03-28T09:20:48","slug":"wie-taeter-planen-und-ermittler-denken","status":"publish","type":"product","link":"https:\/\/www.editionfredebold.de\/index.php\/produkt\/wie-taeter-planen-und-ermittler-denken\/","title":{"rendered":"Wie T\u00e4ter planen und Ermittler denken &#8211; eBook"},"content":{"rendered":"<p>\u201eDie Sonne kommt\u201c, denkt Ada, \u201egleich ist es soweit\u2026\u201c \u201eFreil\u00e4nder knallte den Stapel Akten auf den Tisch\u2026\u201c \u201eEine Welt ohne M\u00f6rder wird es wohl nie geben\u2026\u201c So kann Krimi klingen. Da Krimis so verschieden sind wie ihre Autoren, zeigt dieser Teil des Schreibbegleiters M\u00f6glichkeiten auf, mit dem Genre einen originellen und individuellen Umgang zu finden.<\/p>\n<p>Praktisch und anregend f\u00fchrt die Autorin und Lektorin Petra Steuber in die Geheimnisse des Krimi-Schreibens ein. Die erz\u00e4hlerischen Grundelemente der gro\u00dfen Krimi Formen: der Ermittler-Krimi und der Krimi \u201avon der anderen Seite\u2018, werden vorgestellt, das fatale Beziehungsdreieck Opfer \u2013 T\u00e4ter \u2013 Ermittler beleuchtet und die Eigenschaften aufgezeigt, die handlungstragende Figuren ben\u00f6tigen.<\/p>\n<p>\u201eEin Krimi ist ein Kind seiner Zeit, und wer Krimi schreibt, interessiert sich f\u00fcr das Dunkle im Menschen\u201c, sagt Petra Steuber und h\u00e4lt f\u00fcr diesen besonderen \u201eMenschenschlag\u201c genre-typisches Wissen, spannungserzeugendes Handwerkszeug und inspirierende Gedanken bereit. \u201aWie T\u00e4ter planen und Ermittler denken\u2018 ist der ideale Begleiter f\u00fcr alle, die sich auf den Weg zu einer grausig sch\u00f6nen Geschichte begeben wollen.<\/p>\n<p>&nbsp;<\/p>\n","protected":false},"excerpt":{"rendered":"<p>\u201eDie Sonne kommt\u201c, denkt Ada, \u201egleich ist es soweit\u2026\u201c \u201eFreil\u00e4nder knallte den Stapel Akten auf den Tisch\u2026\u201c \u201eEine Welt ohne M\u00f6rder wird es wohl nie geben\u2026\u201c So kann Krimi klingen. Da Krimis so verschieden sind wie ihre Autoren, zeigt dieser Teil des Schreibbegleiters M\u00f6glichkeiten auf, mit dem Genre einen originellen und individuellen Umgang zu finden. [&hellip;]<\/p>\n","protected":false},"featured_media":4750,"comment_status":"closed","ping_status":"closed","template":"","meta":[],"product_brand":[],"product_cat":[174],"product_tag":[],"class_list":{"0":"post-6447","1":"product","2":"type-product","3":"status-publish","4":"has-post-thumbnail","6":"product_cat-ebook","8":"first","9":"instock","10":"downloadable","11":"virtual","12":"taxable","13":"purchasable","14":"product-type-simple"},"_links":{"self":[{"href":"https:\/\/www.editionfredebold.de\/index.php\/wp-json\/wp\/v2\/product\/6447","targetHints":{"allow":["GET"]}}],"collection":[{"href":"https:\/\/www.editionfredebold.de\/index.php\/wp-json\/wp\/v2\/product"}],"about":[{"href":"https:\/\/www.editionfredebold.de\/index.php\/wp-json\/wp\/v2\/types\/product"}],"replies":[{"embeddable":true,"href":"https:\/\/www.editionfredebold.de\/index.php\/wp-json\/wp\/v2\/comments?post=6447"}],"wp:featuredmedia":[{"embeddable":true,"href":"https:\/\/www.editionfredebold.de\/index.php\/wp-json\/wp\/v2\/media\/4750"}],"wp:attachment":[{"href":"https:\/\/www.editionfredebold.de\/index.php\/wp-json\/wp\/v2\/media?parent=6447"}],"wp:term":[{"taxonomy":"product_brand","embeddable":true,"href":"https:\/\/www.editionfredebold.de\/index.php\/wp-json\/wp\/v2\/product_brand?post=6447"},{"taxonomy":"product_cat","embeddable":true,"href":"https:\/\/www.editionfredebold.de\/index.php\/wp-json\/wp\/v2\/product_cat?post=6447"},{"taxonomy":"product_tag","embeddable":true,"href":"https:\/\/www.editionfredebold.de\/index.php\/wp-json\/wp\/v2\/product_tag?post=6447"}],"curies":[{"name":"wp","href":"https:\/\/api.w.org\/{rel}","templated":true}]}}