{"id":6138,"date":"2022-01-04T12:17:44","date_gmt":"2022-01-04T10:17:44","guid":{"rendered":"https:\/\/www.editionfredebold.de\/?post_type=product&#038;p=6138"},"modified":"2022-01-19T12:37:25","modified_gmt":"2022-01-19T10:37:25","slug":"kurt-holl","status":"publish","type":"product","link":"https:\/\/www.editionfredebold.de\/index.php\/produkt\/kurt-holl\/","title":{"rendered":"Kurt Holl &#8211; gebundenes Buch"},"content":{"rendered":"<p>Ein wahrer K\u00f6lner (Ehren)B\u00fcrger!<\/p>\n<p>Uneitel, kompromisslos, nur r\u00fccksichtslos gegen sich selbst, wenn es darum ging, denen eine Stimme zu geben, die keine (Mit-) Sprache hatten. Kurt Holl verschrieb sich mit Leib und Seele diesem Motto. Mit seiner beeindruckenden Autobiografie belegt er nachhaltig, dass die \u00dcberf\u00fchrung des revolution\u00e4ren Geistes der 68er Jahre in die heutige Zeit gelungen und lebendig gehalten ist.<\/p>\n<p>Mit Witz und Pr\u00e4zision beschreibt er seine politischen Aktionen von 1960 bis 2015 und zeigt die vielen Facetten eines Lebens als \u201eBerufsrevolution\u00e4r\u201c. An seinem eigenen Beispiel, seiner Herkunftsfamilie, Lehrer-Kollegen, Gleichgesinnten und Mitstreitern analysiert er die gesellschaftlichen Verstrickungen mit der NS-Vergangenheit und die Auswirkungen der Verleugnung und des Wegschauens.<\/p>\n<p>Da er seine Autobiografie durch seinen unerwarteten Tod nicht vollenden konnte, erg\u00e4nzen seine S\u00f6hne und einige MitstreiterInnen das Bild des Mannes, der uns allen hinterlassen hat, dass es lohnt, sich f\u00fcr Gerechtigkeit \u2013 gegen alle Widerst\u00e4nde \u2013 einzusetzen.<\/p>\n<p>\u201eKurt Holl f\u00fchrt uns mit seinen Lebenserinnerungen durch entscheidende Etappen dieser Republik, von 1945 bis in die 2000er Jahre: Ein Unerschrockener mit Witz, ein friedensliebender Anarchist, ein Hochgebildeter des Wortes und der Tat. Das Geschichtsbuch eines Aufr\u00fchrers und Aufkl\u00e4rers \u2013 keine Rechtfertigungsschrift, sondern das literarisch politische Testament eines wahren Menschenfreundes.\u201c<br \/>\nG\u00fcnter Wallraff<\/p>\n<p>\u201eUnsere Gesellschaft braucht Menschen wie Kurt. Menschen, die etwas riskieren, um anderen zu helfen. In diesem Sinne ist Kurt Holl ein Sohn dieser Stadt, denn K\u00f6ln hat ein Herz f\u00fcr mutige Querdenker.\u201c<br \/>\nHedwig Neven DuMont<\/p>\n<p>&nbsp;<\/p>\n","protected":false},"excerpt":{"rendered":"<p>Ein wahrer K\u00f6lner (Ehren)B\u00fcrger! Uneitel, kompromisslos, nur r\u00fccksichtslos gegen sich selbst, wenn es darum ging, denen eine Stimme zu geben, die keine (Mit-) Sprache hatten. Kurt Holl verschrieb sich mit Leib und Seele diesem Motto. Mit seiner beeindruckenden Autobiografie belegt er nachhaltig, dass die \u00dcberf\u00fchrung des revolution\u00e4ren Geistes der 68er Jahre in die heutige Zeit [&hellip;]<\/p>\n","protected":false},"featured_media":5855,"comment_status":"closed","ping_status":"closed","template":"","meta":[],"product_brand":[],"product_cat":[175],"product_tag":[],"class_list":{"0":"post-6138","1":"product","2":"type-product","3":"status-publish","4":"has-post-thumbnail","6":"product_cat-print","7":"product_shipping_class-buch","9":"first","10":"instock","11":"taxable","12":"shipping-taxable","13":"purchasable","14":"product-type-simple"},"_links":{"self":[{"href":"https:\/\/www.editionfredebold.de\/index.php\/wp-json\/wp\/v2\/product\/6138","targetHints":{"allow":["GET"]}}],"collection":[{"href":"https:\/\/www.editionfredebold.de\/index.php\/wp-json\/wp\/v2\/product"}],"about":[{"href":"https:\/\/www.editionfredebold.de\/index.php\/wp-json\/wp\/v2\/types\/product"}],"replies":[{"embeddable":true,"href":"https:\/\/www.editionfredebold.de\/index.php\/wp-json\/wp\/v2\/comments?post=6138"}],"wp:featuredmedia":[{"embeddable":true,"href":"https:\/\/www.editionfredebold.de\/index.php\/wp-json\/wp\/v2\/media\/5855"}],"wp:attachment":[{"href":"https:\/\/www.editionfredebold.de\/index.php\/wp-json\/wp\/v2\/media?parent=6138"}],"wp:term":[{"taxonomy":"product_brand","embeddable":true,"href":"https:\/\/www.editionfredebold.de\/index.php\/wp-json\/wp\/v2\/product_brand?post=6138"},{"taxonomy":"product_cat","embeddable":true,"href":"https:\/\/www.editionfredebold.de\/index.php\/wp-json\/wp\/v2\/product_cat?post=6138"},{"taxonomy":"product_tag","embeddable":true,"href":"https:\/\/www.editionfredebold.de\/index.php\/wp-json\/wp\/v2\/product_tag?post=6138"}],"curies":[{"name":"wp","href":"https:\/\/api.w.org\/{rel}","templated":true}]}}