{"id":6137,"date":"2022-01-04T12:02:57","date_gmt":"2022-01-04T10:02:57","guid":{"rendered":"https:\/\/www.editionfredebold.de\/?post_type=product&#038;p=6137"},"modified":"2022-01-19T12:29:02","modified_gmt":"2022-01-19T10:29:02","slug":"sehnsucht-bleibt","status":"publish","type":"product","link":"https:\/\/www.editionfredebold.de\/index.php\/produkt\/sehnsucht-bleibt\/","title":{"rendered":"SEHNSUCHT BLEIBT &#8211; gebundenes Buch"},"content":{"rendered":"<p>Inhaltsbeschreibung:<br \/>\n\u201eIch hab Heimweh, Fernweh, Sehnsucht\u2026 ich wei\u00df nicht, was es ist.\u201c<\/p>\n<p>Sehnsucht ist dieses schwer zu beschreibende, komplexe Gef\u00fchl, was uns von Zeit zu Zeit packt und in Richtung Zukunft zieht. Sehnsucht kann Motor bedeutsamer Entscheidungen sein, kann eine wilde Liebe entz\u00fcnden und die Kunst befeuern. Sehnsucht wird besungen und geliebt als bitter-s\u00fc\u00dfer Schmerz, und sie wird als schlafender Hund gef\u00fcrchtet, den man besser nicht weckt. Denn ist sie einmal erwacht, verfolgt sie uns mitunter bis ans Ende unseres Lebens.<br \/>\n\u201eSehnsucht bleibt\u201c ist eine ganz pers\u00f6nliche Reise durch vier Jahrzehnte k\u00fcnstlerischen Schaffens und durch ein halbes Leben deutsch-deutscher Geschichte. Purple Schulz beschreibt in vielen Geschichten seine Suche nach W\u00e4rme, Harmonie, N\u00e4he und Zusammenhalt \u2013 Werte, die in der heutigen Zeit aufgrund von Selbstsucht und scheinbarer, oberfl\u00e4chlicher Zufriedenheit auf der Strecke bleiben. Purple Schulz ist kein Missionar, der den Zeigefinger hebt. Er lebt das, was er besingt und beschreibt. Seine biografischen Erz\u00e4hlungen sind sozialkritisch und politisch, aber auch unterhaltsam und anr\u00fchrend zugleich.<br \/>\nSehnsucht bleibt \u2013 bis zum Ende!<\/p>\n","protected":false},"excerpt":{"rendered":"<p>Inhaltsbeschreibung: \u201eIch hab Heimweh, Fernweh, Sehnsucht\u2026 ich wei\u00df nicht, was es ist.\u201c Sehnsucht ist dieses schwer zu beschreibende, komplexe Gef\u00fchl, was uns von Zeit zu Zeit packt und in Richtung Zukunft zieht. Sehnsucht kann Motor bedeutsamer Entscheidungen sein, kann eine wilde Liebe entz\u00fcnden und die Kunst befeuern. Sehnsucht wird besungen und geliebt als bitter-s\u00fc\u00dfer Schmerz, [&hellip;]<\/p>\n","protected":false},"featured_media":4761,"comment_status":"closed","ping_status":"closed","template":"","meta":[],"product_brand":[],"product_cat":[175],"product_tag":[],"class_list":{"0":"post-6137","1":"product","2":"type-product","3":"status-publish","4":"has-post-thumbnail","6":"product_cat-print","7":"product_shipping_class-buch","9":"first","10":"instock","11":"taxable","12":"shipping-taxable","13":"purchasable","14":"product-type-simple"},"_links":{"self":[{"href":"https:\/\/www.editionfredebold.de\/index.php\/wp-json\/wp\/v2\/product\/6137","targetHints":{"allow":["GET"]}}],"collection":[{"href":"https:\/\/www.editionfredebold.de\/index.php\/wp-json\/wp\/v2\/product"}],"about":[{"href":"https:\/\/www.editionfredebold.de\/index.php\/wp-json\/wp\/v2\/types\/product"}],"replies":[{"embeddable":true,"href":"https:\/\/www.editionfredebold.de\/index.php\/wp-json\/wp\/v2\/comments?post=6137"}],"wp:featuredmedia":[{"embeddable":true,"href":"https:\/\/www.editionfredebold.de\/index.php\/wp-json\/wp\/v2\/media\/4761"}],"wp:attachment":[{"href":"https:\/\/www.editionfredebold.de\/index.php\/wp-json\/wp\/v2\/media?parent=6137"}],"wp:term":[{"taxonomy":"product_brand","embeddable":true,"href":"https:\/\/www.editionfredebold.de\/index.php\/wp-json\/wp\/v2\/product_brand?post=6137"},{"taxonomy":"product_cat","embeddable":true,"href":"https:\/\/www.editionfredebold.de\/index.php\/wp-json\/wp\/v2\/product_cat?post=6137"},{"taxonomy":"product_tag","embeddable":true,"href":"https:\/\/www.editionfredebold.de\/index.php\/wp-json\/wp\/v2\/product_tag?post=6137"}],"curies":[{"name":"wp","href":"https:\/\/api.w.org\/{rel}","templated":true}]}}