{"id":6487,"date":"2022-01-14T11:41:28","date_gmt":"2022-01-14T09:41:28","guid":{"rendered":"https:\/\/www.editionfredebold.de\/?page_id=6487"},"modified":"2025-08-28T09:07:08","modified_gmt":"2025-08-28T07:07:08","slug":"impressum","status":"publish","type":"page","link":"https:\/\/www.editionfredebold.de\/index.php\/impressum\/","title":{"rendered":"impressum"},"content":{"rendered":"\t\t<div data-elementor-type=\"wp-page\" data-elementor-id=\"6487\" class=\"elementor elementor-6487\" data-elementor-post-type=\"page\">\n\t\t\t\t\t\t<section class=\"elementor-section elementor-top-section elementor-element elementor-element-75e7479 elementor-section-boxed elementor-section-height-default elementor-section-height-default\" data-id=\"75e7479\" data-element_type=\"section\" data-e-type=\"section\">\n\t\t\t\t\t\t<div class=\"elementor-container elementor-column-gap-default\">\n\t\t\t\t\t<div class=\"elementor-column elementor-col-100 elementor-top-column elementor-element elementor-element-25fc412\" data-id=\"25fc412\" data-element_type=\"column\" data-e-type=\"column\">\n\t\t\t<div class=\"elementor-widget-wrap elementor-element-populated\">\n\t\t\t\t\t\t<div class=\"elementor-element elementor-element-334d600 elementor-widget elementor-widget-spacer\" data-id=\"334d600\" data-element_type=\"widget\" data-e-type=\"widget\" data-widget_type=\"spacer.default\">\n\t\t\t\t<div class=\"elementor-widget-container\">\n\t\t\t\t\t\t\t<div class=\"elementor-spacer\">\n\t\t\t<div class=\"elementor-spacer-inner\"><\/div>\n\t\t<\/div>\n\t\t\t\t\t\t<\/div>\n\t\t\t\t<\/div>\n\t\t\t\t\t<\/div>\n\t\t<\/div>\n\t\t\t\t\t<\/div>\n\t\t<\/section>\n\t\t\t\t<section class=\"elementor-section elementor-top-section elementor-element elementor-element-9bcc2ef elementor-section-boxed elementor-section-height-default elementor-section-height-default\" data-id=\"9bcc2ef\" data-element_type=\"section\" data-e-type=\"section\">\n\t\t\t\t\t\t<div class=\"elementor-container elementor-column-gap-default\">\n\t\t\t\t\t<div class=\"elementor-column elementor-col-100 elementor-top-column elementor-element elementor-element-5b51460\" data-id=\"5b51460\" data-element_type=\"column\" data-e-type=\"column\">\n\t\t\t<div class=\"elementor-widget-wrap elementor-element-populated\">\n\t\t\t\t\t\t<div class=\"elementor-element elementor-element-412b110 elementor-widget elementor-widget-heading\" data-id=\"412b110\" data-element_type=\"widget\" data-e-type=\"widget\" data-widget_type=\"heading.default\">\n\t\t\t\t<div class=\"elementor-widget-container\">\n\t\t\t\t\t<h2 class=\"elementor-heading-title elementor-size-default\">impressum<\/h2>\t\t\t\t<\/div>\n\t\t\t\t<\/div>\n\t\t\t\t\t<\/div>\n\t\t<\/div>\n\t\t\t\t\t<\/div>\n\t\t<\/section>\n\t\t\t\t<section class=\"elementor-section elementor-top-section elementor-element elementor-element-ccbaf15 elementor-section-boxed elementor-section-height-default elementor-section-height-default\" data-id=\"ccbaf15\" data-element_type=\"section\" data-e-type=\"section\">\n\t\t\t\t\t\t<div class=\"elementor-container elementor-column-gap-default\">\n\t\t\t\t\t<div class=\"elementor-column elementor-col-100 elementor-top-column elementor-element elementor-element-4dc90b4\" data-id=\"4dc90b4\" data-element_type=\"column\" data-e-type=\"column\">\n\t\t\t<div class=\"elementor-widget-wrap elementor-element-populated\">\n\t\t\t\t\t\t<div class=\"elementor-element elementor-element-5ea26bb elementor-widget elementor-widget-text-editor\" data-id=\"5ea26bb\" data-element_type=\"widget\" data-e-type=\"widget\" data-widget_type=\"text-editor.default\">\n\t\t\t\t<div class=\"elementor-widget-container\">\n\t\t\t\t\t\t\t\t\t<div>\u00a0<\/div><p><a href=\"\/wp-content\/uploads\/2010\/08\/ef_logo_special-interest.jpg\"><img decoding=\"async\" class=\"alignleft wp-image-4447\" title=\"ef_logo_special interest\" src=\"\/wp-content\/uploads\/2010\/08\/ef_logo_special-interest-300x185.jpg\" alt=\"\" width=\"176\" height=\"108\" srcset=\"https:\/\/www.editionfredebold.de\/wp-content\/uploads\/2010\/08\/ef_logo_special-interest-300x185.jpg 300w, https:\/\/www.editionfredebold.de\/wp-content\/uploads\/2010\/08\/ef_logo_special-interest-600x371.jpg 600w, https:\/\/www.editionfredebold.de\/wp-content\/uploads\/2010\/08\/ef_logo_special-interest-1024x633.jpg 1024w\" sizes=\"(max-width: 176px) 100vw, 176px\" \/><\/a><\/p><p><span style=\"color: #ffffff;\">Copyright by<\/span><\/p><p><span style=\"color: #000000;\">\u00a0<\/span><\/p><p><span style=\"color: #000000;\">\u00a0<\/span><\/p><p><span style=\"color: #000000; font-family: var( --e-global-typography-text-font-family ), Sans-serif; font-weight: var( --e-global-typography-text-font-weight ); font-size: 1rem;\">Firma W<\/span><span style=\"color: #000000; font-family: var( --e-global-typography-text-font-family ), Sans-serif; font-weight: var( --e-global-typography-text-font-weight ); font-size: 15px; letter-spacing: 0px;\">erner Fredebold<\/span><\/p><p><span style=\"color: #000000;\"><span style=\"font-size: 15px; letter-spacing: 0px;\">Sparte editionfredebold<br \/><\/span><span style=\"font-size: 15px; letter-spacing: 0px;\">Am Zehnthof 16<br \/><\/span><span style=\"font-size: 15px; letter-spacing: 0px;\">50129 Bergheim-Glessen<\/span><\/span><\/p><p><span style=\"color: #000000;\">Kundenservice: 0221 \u2013 650 80 600<\/span><br \/><strong><span style=\"color: #000000;\">kontakt@editionfredebold<a style=\"color: #000000;\" href=\"mailto:kundenservice@fredefritz.de\" target=\"_blank\" rel=\"noopener\">.de<\/a><\/span><\/strong><\/p><p><span style=\"color: #000000;\"><b>Betrieb Online-Shop:<br \/><\/b><\/span><\/p><p><span style=\"color: #000000;\">fredebold &amp; partner gmbh<\/span><br \/><span style=\"color: #000000;\">Schaafenstra\u00dfe 25<\/span><br \/><span style=\"color: #000000;\">50676 K\u00f6ln<\/span><br \/><span style=\"color: #000000;\">Tel.: +49 (0) 221 \u2013 650 80 \u2013 500<\/span><br \/><span style=\"color: #000000;\">Fax: +49 (0) 221 \u2013 650 80 \u2013 555<\/span><br \/><span style=\"color: #000000;\"><a style=\"color: #000000;\" href=\"mailto:kontakt@fredebold.de\"><b>kontakt@fredebold.de<\/b><\/a><\/span><\/p><p><span style=\"color: #000000;\">Gesch\u00e4ftsf\u00fchrender Gesellschafter:<br \/>Werner Fredebold<br \/>Sitz der Gesellschaft: K\u00f6ln, Reg.-Gericht K\u00f6ln HRB 22527<\/span><br \/><span style=\"color: #000000;\">Umsatzsteuer-Identifikationsnummer gem\u00e4\u00df \u00a727 a Umsatzsteuergesetz: DE 1234 766 85<\/span><\/p><p><b style=\"color: #000000; font-family: var( --e-global-typography-text-font-family ), Sans-serif; font-size: 1rem;\">Haftungshinweis:<\/b><\/p><p><span style=\"color: #000000;\">Trotz sorgf\u00e4ltiger inhaltlicher Kontrolle \u00fcbernehmen wir keine Haftung f\u00fcr die Inhalte externer Links.<\/span><br \/><span style=\"color: #000000;\">F\u00fcr den Inhalt der verlinkten Seiten sind ausschlie\u00dflich deren Betreiber verantwortlich.<\/span><\/p><p><span style=\"color: #000000;\">Wir sind zur Teilnahme an einem Streitbeilegungsverfahren vor einer Verbraucherschlichtungsstelle weder verpflichtet noch bereit.<\/span><\/p><p><span style=\"color: #000000;\"><strong>Copyright \/Urheberrechtshinweis:<\/strong><br \/><\/span><\/p><p><span style=\"color: #ffffff;\"><span style=\"color: #000000;\">Alle Inhalte dieser Webseite, insbesondere Texte, Fotografien und Grafiken sind urheberrechtlich gesch\u00fctzt.\u00a0<\/span><\/span><\/p>\t\t\t\t\t\t\t\t<\/div>\n\t\t\t\t<\/div>\n\t\t\t\t\t<\/div>\n\t\t<\/div>\n\t\t\t\t\t<\/div>\n\t\t<\/section>\n\t\t\t\t<\/div>\n\t\t","protected":false},"excerpt":{"rendered":"<p>impressum \u00a0 Copyright by \u00a0 \u00a0 Firma Werner Fredebold Sparte editionfredeboldAm Zehnthof 1650129 Bergheim-Glessen Kundenservice: 0221 \u2013 650 80 600kontakt@editionfredebold.de Betrieb Online-Shop: fredebold &amp; partner gmbhSchaafenstra\u00dfe 2550676 K\u00f6lnTel.: +49 (0) 221 \u2013 650 80 \u2013 500Fax: +49 (0) 221 \u2013 650 80 \u2013 555kontakt@fredebold.de Gesch\u00e4ftsf\u00fchrender Gesellschafter:Werner FredeboldSitz der Gesellschaft: K\u00f6ln, Reg.-Gericht K\u00f6ln HRB 22527Umsatzsteuer-Identifikationsnummer gem\u00e4\u00df [&hellip;]<\/p>\n","protected":false},"author":12,"featured_media":0,"parent":0,"menu_order":0,"comment_status":"closed","ping_status":"closed","template":"","meta":{"footnotes":""},"class_list":["post-6487","page","type-page","status-publish","hentry"],"_links":{"self":[{"href":"https:\/\/www.editionfredebold.de\/index.php\/wp-json\/wp\/v2\/pages\/6487","targetHints":{"allow":["GET"]}}],"collection":[{"href":"https:\/\/www.editionfredebold.de\/index.php\/wp-json\/wp\/v2\/pages"}],"about":[{"href":"https:\/\/www.editionfredebold.de\/index.php\/wp-json\/wp\/v2\/types\/page"}],"author":[{"embeddable":true,"href":"https:\/\/www.editionfredebold.de\/index.php\/wp-json\/wp\/v2\/users\/12"}],"replies":[{"embeddable":true,"href":"https:\/\/www.editionfredebold.de\/index.php\/wp-json\/wp\/v2\/comments?post=6487"}],"version-history":[{"count":8,"href":"https:\/\/www.editionfredebold.de\/index.php\/wp-json\/wp\/v2\/pages\/6487\/revisions"}],"predecessor-version":[{"id":7034,"href":"https:\/\/www.editionfredebold.de\/index.php\/wp-json\/wp\/v2\/pages\/6487\/revisions\/7034"}],"wp:attachment":[{"href":"https:\/\/www.editionfredebold.de\/index.php\/wp-json\/wp\/v2\/media?parent=6487"}],"curies":[{"name":"wp","href":"https:\/\/api.w.org\/{rel}","templated":true}]}}