{"id":6456,"date":"2022-01-12T12:18:20","date_gmt":"2022-01-12T10:18:20","guid":{"rendered":"https:\/\/www.editionfredebold.de\/?page_id=6456"},"modified":"2022-01-12T12:29:48","modified_gmt":"2022-01-12T10:29:48","slug":"widerruf","status":"publish","type":"page","link":"https:\/\/www.editionfredebold.de\/index.php\/widerruf\/","title":{"rendered":"widerruf"},"content":{"rendered":"\t\t<div data-elementor-type=\"wp-page\" data-elementor-id=\"6456\" class=\"elementor elementor-6456\" data-elementor-post-type=\"page\">\n\t\t\t\t\t\t<section class=\"elementor-section elementor-top-section elementor-element elementor-element-9a73c0e elementor-section-boxed elementor-section-height-default elementor-section-height-default\" data-id=\"9a73c0e\" data-element_type=\"section\" data-e-type=\"section\">\n\t\t\t\t\t\t<div class=\"elementor-container elementor-column-gap-default\">\n\t\t\t\t\t<div class=\"elementor-column elementor-col-100 elementor-top-column elementor-element elementor-element-2b22e5b\" data-id=\"2b22e5b\" data-element_type=\"column\" data-e-type=\"column\">\n\t\t\t<div class=\"elementor-widget-wrap elementor-element-populated\">\n\t\t\t\t\t\t<div class=\"elementor-element elementor-element-3c57440 elementor-widget elementor-widget-spacer\" data-id=\"3c57440\" data-element_type=\"widget\" data-e-type=\"widget\" data-widget_type=\"spacer.default\">\n\t\t\t\t<div class=\"elementor-widget-container\">\n\t\t\t\t\t\t\t<div class=\"elementor-spacer\">\n\t\t\t<div class=\"elementor-spacer-inner\"><\/div>\n\t\t<\/div>\n\t\t\t\t\t\t<\/div>\n\t\t\t\t<\/div>\n\t\t\t\t\t<\/div>\n\t\t<\/div>\n\t\t\t\t\t<\/div>\n\t\t<\/section>\n\t\t\t\t<section class=\"elementor-section elementor-top-section elementor-element elementor-element-abaedd0 elementor-section-boxed elementor-section-height-default elementor-section-height-default\" data-id=\"abaedd0\" data-element_type=\"section\" data-e-type=\"section\">\n\t\t\t\t\t\t<div class=\"elementor-container elementor-column-gap-default\">\n\t\t\t\t\t<div class=\"elementor-column elementor-col-100 elementor-top-column elementor-element elementor-element-4c05cfb\" data-id=\"4c05cfb\" data-element_type=\"column\" data-e-type=\"column\">\n\t\t\t<div class=\"elementor-widget-wrap elementor-element-populated\">\n\t\t\t\t\t\t<div class=\"elementor-element elementor-element-2bc0bb2 elementor-widget elementor-widget-heading\" data-id=\"2bc0bb2\" data-element_type=\"widget\" data-e-type=\"widget\" data-widget_type=\"heading.default\">\n\t\t\t\t<div class=\"elementor-widget-container\">\n\t\t\t\t\t<h2 class=\"elementor-heading-title elementor-size-default\">Widerrufsbelehrung<\/h2>\t\t\t\t<\/div>\n\t\t\t\t<\/div>\n\t\t\t\t\t<\/div>\n\t\t<\/div>\n\t\t\t\t\t<\/div>\n\t\t<\/section>\n\t\t\t\t<section class=\"elementor-section elementor-top-section elementor-element elementor-element-b31c336 elementor-section-boxed elementor-section-height-default elementor-section-height-default\" data-id=\"b31c336\" data-element_type=\"section\" data-e-type=\"section\">\n\t\t\t\t\t\t<div class=\"elementor-container elementor-column-gap-default\">\n\t\t\t\t\t<div class=\"elementor-column elementor-col-100 elementor-top-column elementor-element elementor-element-8bad91f\" data-id=\"8bad91f\" data-element_type=\"column\" data-e-type=\"column\">\n\t\t\t<div class=\"elementor-widget-wrap elementor-element-populated\">\n\t\t\t\t\t\t<div class=\"elementor-element elementor-element-ddc2acb elementor-widget elementor-widget-text-editor\" data-id=\"ddc2acb\" data-element_type=\"widget\" data-e-type=\"widget\" data-widget_type=\"text-editor.default\">\n\t\t\t\t<div class=\"elementor-widget-container\">\n\t\t\t\t\t\t\t\t\t<div data-id=\"ae17305\" data-element_type=\"widget\" data-widget_type=\"text-editor.default\"><div><div><p>Verbrauchern steht ein Widerrufsrecht nach folgender Ma\u00dfgabe zu, wobei Verbraucher jede nat\u00fcrliche Person ist, die ein Rechtsgesch\u00e4ft zu Zwecken abschlie\u00dft, die \u00fcberwiegend weder ihrer gewerblichen noch ihrer selbst\u00e4ndigen beruflichen T\u00e4tigkeit zugerechnet werden k\u00f6nnen:<\/p><p><b>A. Widerrufsbelehrung<\/b><\/p><p>Widerrufsrecht<\/p><p>Sie haben das Recht, binnen vierzehn Tagen ohne Angabe von Gr\u00fcnden diesen Vertrag zu widerrufen. Die Widerrufsfrist betr\u00e4gt vierzehn Tage ab dem Tag, an dem Sie oder ein von Ihnen benannter Dritter, der nicht der Bef\u00f6rderer ist, die letzte Ware in Besitz genommen haben bzw. hat. Um Ihr Widerrufsrecht auszu\u00fcben, m\u00fcssen Sie uns<\/p><p><b>Firma Werner Fredebold \/ Sparte editionfredebold<br \/>Schaafenstra\u00dfe 25<br \/>50676 K\u00f6ln<br \/>Deutschland<\/b><\/p><p>Tel.: +49 (0)221 \u2013 650806-00<br \/>Fax: +49 (0)221 \u2013 650805-55<br \/><a href=\"mailto:kontakt@fredebold.de\"><b>kontakt@editionfredebold.de<\/b><\/a><\/p><p>mittels einer eindeutigen Erkl\u00e4rung (z. B. ein mit der Post versandter Brief, Telefax oder E-Mail) \u00fcber Ihren Entschluss, diesen Vertrag zu widerrufen, informieren. Sie k\u00f6nnen daf\u00fcr das beigef\u00fcgte Muster-Widerrufsformular verwenden, das jedoch nicht vorgeschrieben ist.<\/p><p>Zur Wahrung der Widerrufsfrist reicht es aus, dass Sie die Mitteilung \u00fcber die Aus\u00fcbung des Widerrufsrechts vor Ablauf der Widerrufsfrist absenden.<\/p><p><b>Folgen des Widerrufs<\/b><\/p><p>Wenn Sie diesen Vertrag widerrufen, haben wir Ihnen alle Zahlungen, die wir von Ihnen erhalten haben, einschlie\u00dflich der Lieferkosten (mit Ausnahme der zus\u00e4tzlichen Kosten, die sich daraus ergeben, dass Sie eine andere Art der Lieferung als die von uns angebotene, g\u00fcnstigste Standardlieferung gew\u00e4hlt haben), unverz\u00fcglich und sp\u00e4testens binnen vierzehn Tagen ab dem Tag zur\u00fcckzuzahlen, an dem die Mitteilung \u00fcber Ihren Widerruf dieses Vertrags bei uns eingegangen ist. F\u00fcr diese R\u00fcckzahlung verwenden wir dasselbe Zahlungsmittel, das Sie bei der urspr\u00fcnglichen Transaktion eingesetzt haben, es sei denn, mit Ihnen wurde ausdr\u00fccklich etwas anderes vereinbart; in keinem Fall werden Ihnen wegen dieser R\u00fcckzahlung Entgelte berechnet. Wir k\u00f6nnen die R\u00fcckzahlung verweigern, bis wir die Waren wieder zur\u00fcckerhalten haben oder bis Sie den Nachweis erbracht haben, dass Sie die Waren zur\u00fcckgesandt haben, je nachdem, welches der fr\u00fchere Zeitpunkt ist.<\/p><p>Sie haben die Waren unverz\u00fcglich und in jedem Fall sp\u00e4testens binnen vierzehn Tagen ab dem Tag, an dem Sie uns \u00fcber den Widerruf dieses Vertrags unterrichten, an uns zur\u00fcckzusenden oder zu \u00fcbergeben. Die Frist ist gewahrt, wenn Sie die Waren vor Ablauf der Frist von vierzehn Tagen absenden.<br \/>Sie tragen die unmittelbaren Kosten der R\u00fccksendung der Waren.<\/p><p>Sie m\u00fcssen f\u00fcr einen etwaigen Wertverlust der Waren nur aufkommen, wenn dieser Wertverlust auf einen zur Pr\u00fcfung der Beschaffenheit, Eigenschaften und Funktionsweise der Waren nicht notwendigen Umgang mit ihnen zur\u00fcckzuf\u00fchren ist.<\/p><p><b>Ausschluss bzw. vorzeitiges Erl\u00f6schen des Widerrufsrechts<\/b><\/p><p><b>Der Widerruf ist nur m\u00f6glich, wenn die gelieferte Ware unbesch\u00e4digt und in der Originalverpackung zur Vermeidung weiterer Sch\u00e4den zur\u00fcckgeschickt wird.\u00a0<\/b><\/p><p><b>Eine R\u00fccknahme der Ware bei vorherigem Gebrauch ist ausgeschlossen.<\/b><\/p><p><span style=\"color: var( --e-global-color-text ); font-family: var( --e-global-typography-text-font-family ), Sans-serif; font-weight: var( --e-global-typography-text-font-weight ); font-size: 1rem;\">Das Widerrufsrecht besteht nicht bei Vertr\u00e4gen zur Lieferung von Waren, die nicht vorgefertigt sind und f\u00fcr deren Herstellung eine individuelle Auswahl oder Bestimmung durch den Verbraucher ma\u00dfgeblich ist oder die eindeutig auf die pers\u00f6nlichen Bed\u00fcrfnisse des Verbrauchers zugeschnitten sind (z.B. Gravuren).<\/span><\/p><p><b>Allgemeine Hinweise<\/b><\/p><p>1. Bitte vermeiden Sie Besch\u00e4digungen und Verunreinigungen der Ware. Senden Sie die Ware in Originalverpackung mit s\u00e4mtlichem Zubeh\u00f6r und mit allen Verpackungsbestandteilen an uns zur\u00fcck. Verwenden Sie ggf. eine sch\u00fctzende Umverpackung. Wenn Sie die Originalverpackung nicht mehr besitzen, sorgen Sie bitte mit einer geeigneten Verpackung f\u00fcr einen ausreichenden Schutz vor Transportsch\u00e4den.<\/p><p>2. Senden Sie die Ware bitte nicht unfrei an uns zur\u00fcck.<\/p><p>3. Bitte beachten Sie, dass die vorgenannten Ziffern 1-2 Voraussetzung f\u00fcr die wirksame Aus\u00fcbung des Widerrufsrechts sind.<\/p><p><b>B. Widerrufsformular<\/b><\/p><p>Wenn Sie den Vertrag widerrufen wollen, dann f\u00fcllen Sie bitte dieses Formular aus und senden es zur\u00fcck:<br \/><br \/><\/p><p><a href=\"https:\/\/www.editionfredebold.de\/wp-content\/uploads\/2022\/01\/220101_ef_widerruf_formular.pdf\">Download Formular<\/a><\/p><p>\u00a0<\/p><p>\u00a0<\/p><\/div><\/div><\/div>\t\t\t\t\t\t\t\t<\/div>\n\t\t\t\t<\/div>\n\t\t\t\t\t<\/div>\n\t\t<\/div>\n\t\t\t\t\t<\/div>\n\t\t<\/section>\n\t\t\t\t<\/div>\n\t\t","protected":false},"excerpt":{"rendered":"<p>Widerrufsbelehrung Verbrauchern steht ein Widerrufsrecht nach folgender Ma\u00dfgabe zu, wobei Verbraucher jede nat\u00fcrliche Person ist, die ein Rechtsgesch\u00e4ft zu Zwecken abschlie\u00dft, die \u00fcberwiegend weder ihrer gewerblichen noch ihrer selbst\u00e4ndigen beruflichen T\u00e4tigkeit zugerechnet werden k\u00f6nnen: A. Widerrufsbelehrung Widerrufsrecht Sie haben das Recht, binnen vierzehn Tagen ohne Angabe von Gr\u00fcnden diesen Vertrag zu widerrufen. Die Widerrufsfrist betr\u00e4gt [&hellip;]<\/p>\n","protected":false},"author":12,"featured_media":0,"parent":0,"menu_order":0,"comment_status":"closed","ping_status":"closed","template":"","meta":{"footnotes":""},"class_list":["post-6456","page","type-page","status-publish","hentry"],"_links":{"self":[{"href":"https:\/\/www.editionfredebold.de\/index.php\/wp-json\/wp\/v2\/pages\/6456","targetHints":{"allow":["GET"]}}],"collection":[{"href":"https:\/\/www.editionfredebold.de\/index.php\/wp-json\/wp\/v2\/pages"}],"about":[{"href":"https:\/\/www.editionfredebold.de\/index.php\/wp-json\/wp\/v2\/types\/page"}],"author":[{"embeddable":true,"href":"https:\/\/www.editionfredebold.de\/index.php\/wp-json\/wp\/v2\/users\/12"}],"replies":[{"embeddable":true,"href":"https:\/\/www.editionfredebold.de\/index.php\/wp-json\/wp\/v2\/comments?post=6456"}],"version-history":[{"count":7,"href":"https:\/\/www.editionfredebold.de\/index.php\/wp-json\/wp\/v2\/pages\/6456\/revisions"}],"predecessor-version":[{"id":6466,"href":"https:\/\/www.editionfredebold.de\/index.php\/wp-json\/wp\/v2\/pages\/6456\/revisions\/6466"}],"wp:attachment":[{"href":"https:\/\/www.editionfredebold.de\/index.php\/wp-json\/wp\/v2\/media?parent=6456"}],"curies":[{"name":"wp","href":"https:\/\/api.w.org\/{rel}","templated":true}]}}