{"id":6157,"date":"2022-01-06T12:01:16","date_gmt":"2022-01-06T10:01:16","guid":{"rendered":"https:\/\/www.editionfredebold.de\/?page_id=6157"},"modified":"2024-01-15T10:58:20","modified_gmt":"2024-01-15T08:58:20","slug":"home_neu","status":"publish","type":"page","link":"https:\/\/www.editionfredebold.de\/","title":{"rendered":"Home"},"content":{"rendered":"\t\t<div data-elementor-type=\"wp-page\" data-elementor-id=\"6157\" class=\"elementor elementor-6157\" data-elementor-post-type=\"page\">\n\t\t\t\t\t\t<section class=\"elementor-section elementor-top-section elementor-element elementor-element-bff0cae elementor-section-boxed elementor-section-height-default elementor-section-height-default\" data-id=\"bff0cae\" data-element_type=\"section\" data-e-type=\"section\">\n\t\t\t\t\t\t<div class=\"elementor-container elementor-column-gap-default\">\n\t\t\t\t\t<div class=\"elementor-column elementor-col-100 elementor-top-column elementor-element elementor-element-28c3a57\" data-id=\"28c3a57\" data-element_type=\"column\" data-e-type=\"column\">\n\t\t\t<div class=\"elementor-widget-wrap elementor-element-populated\">\n\t\t\t\t\t\t<div class=\"elementor-element elementor-element-f03a90c elementor-widget elementor-widget-spacer\" data-id=\"f03a90c\" data-element_type=\"widget\" data-e-type=\"widget\" data-widget_type=\"spacer.default\">\n\t\t\t\t<div class=\"elementor-widget-container\">\n\t\t\t\t\t\t\t<div class=\"elementor-spacer\">\n\t\t\t<div class=\"elementor-spacer-inner\"><\/div>\n\t\t<\/div>\n\t\t\t\t\t\t<\/div>\n\t\t\t\t<\/div>\n\t\t\t\t\t<\/div>\n\t\t<\/div>\n\t\t\t\t\t<\/div>\n\t\t<\/section>\n\t\t\t\t<section class=\"elementor-section elementor-top-section elementor-element elementor-element-7470533d elementor-section-height-min-height elementor-section-items-stretch elementor-section-content-bottom elementor-reverse-tablet elementor-section-boxed elementor-section-height-default\" data-id=\"7470533d\" data-element_type=\"section\" data-e-type=\"section\" data-settings=\"{&quot;background_background&quot;:&quot;classic&quot;}\">\n\t\t\t\t\t\t<div class=\"elementor-container elementor-column-gap-no\">\n\t\t\t\t\t<div class=\"elementor-column elementor-col-50 elementor-top-column elementor-element elementor-element-758eda74\" data-id=\"758eda74\" data-element_type=\"column\" data-e-type=\"column\">\n\t\t\t<div class=\"elementor-widget-wrap elementor-element-populated\">\n\t\t\t\t\t\t<div class=\"elementor-element elementor-element-315c8210 elementor-hidden-mobile elementor-invisible elementor-widget elementor-widget-image\" data-id=\"315c8210\" data-element_type=\"widget\" data-e-type=\"widget\" data-settings=\"{&quot;_animation&quot;:&quot;slideInDown&quot;}\" data-widget_type=\"image.default\">\n\t\t\t\t<div class=\"elementor-widget-container\">\n\t\t\t\t\t\t\t\t\t\t\t\t\t\t\t<img fetchpriority=\"high\" decoding=\"async\" width=\"651\" height=\"1024\" src=\"https:\/\/www.editionfredebold.de\/wp-content\/uploads\/2022\/01\/9783944607320_cover-651x1024.jpg\" class=\"attachment-large size-large wp-image-6545\" alt=\"\" srcset=\"https:\/\/www.editionfredebold.de\/wp-content\/uploads\/2022\/01\/9783944607320_cover-651x1024.jpg 651w, https:\/\/www.editionfredebold.de\/wp-content\/uploads\/2022\/01\/9783944607320_cover-scaled-600x943.jpg 600w, https:\/\/www.editionfredebold.de\/wp-content\/uploads\/2022\/01\/9783944607320_cover-191x300.jpg 191w, https:\/\/www.editionfredebold.de\/wp-content\/uploads\/2022\/01\/9783944607320_cover-768x1207.jpg 768w, https:\/\/www.editionfredebold.de\/wp-content\/uploads\/2022\/01\/9783944607320_cover-977x1536.jpg 977w, https:\/\/www.editionfredebold.de\/wp-content\/uploads\/2022\/01\/9783944607320_cover-1303x2048.jpg 1303w, https:\/\/www.editionfredebold.de\/wp-content\/uploads\/2022\/01\/9783944607320_cover-scaled.jpg 1629w\" sizes=\"(max-width: 651px) 100vw, 651px\" \/>\t\t\t\t\t\t\t\t\t\t\t\t\t\t\t<\/div>\n\t\t\t\t<\/div>\n\t\t\t\t\t<\/div>\n\t\t<\/div>\n\t\t\t\t<div class=\"elementor-column elementor-col-50 elementor-top-column elementor-element elementor-element-215aed35\" data-id=\"215aed35\" data-element_type=\"column\" data-e-type=\"column\" data-settings=\"{&quot;background_background&quot;:&quot;classic&quot;}\">\n\t\t\t<div class=\"elementor-widget-wrap elementor-element-populated\">\n\t\t\t\t\t\t<div class=\"elementor-element elementor-element-49702d6d elementor-invisible elementor-widget elementor-widget-heading\" data-id=\"49702d6d\" data-element_type=\"widget\" data-e-type=\"widget\" data-settings=\"{&quot;_animation&quot;:&quot;fadeInUp&quot;,&quot;_animation_delay&quot;:200}\" data-widget_type=\"heading.default\">\n\t\t\t\t<div class=\"elementor-widget-container\">\n\t\t\t\t\t<h1 class=\"elementor-heading-title elementor-size-default\">WELTKLASSE<\/h1>\t\t\t\t<\/div>\n\t\t\t\t<\/div>\n\t\t\t\t<div class=\"elementor-element elementor-element-4e6da484 elementor-invisible elementor-widget elementor-widget-text-editor\" data-id=\"4e6da484\" data-element_type=\"widget\" data-e-type=\"widget\" data-settings=\"{&quot;_animation&quot;:&quot;fadeInUp&quot;,&quot;_animation_delay&quot;:400}\" data-widget_type=\"text-editor.default\">\n\t\t\t\t<div class=\"elementor-widget-container\">\n\t\t\t\t\t\t\t\t\t<p><strong>Deutschland im Tiefschlaf \u2013 Weltklasse geht anders!<\/strong><\/p><p>F\u00fchlst du dich zunehmend von vorgegebenen Mustern eingeengt, von den Ver\u00e4nderungen \u00fcberw\u00e4ltigt und von der zunehmenden Flut an Vorschriften entmachtet? Hast Du das Gef\u00fchl, dass uns die Kontrolle \u00fcber unseren Planeten immer mehr entgleitet? Dass das politische Deutschland im Tiefschlaf liegt, sich im europ\u00e4ischen Phlegma ergibt und die \u201eschwarze Null\u201c zelebriert? Dass wir nicht zielgerichtet in unsere Zukunft investieren und unsere Zuversicht deshalb zusehends schwindet? Und auf den Ruck, der uns nach vorne bringt, warten wir vergebens. Woher sollte er auch kommen, wenn nicht von uns selbst?!<\/p>\t\t\t\t\t\t\t\t<\/div>\n\t\t\t\t<\/div>\n\t\t\t\t<div class=\"elementor-element elementor-element-fbce1de elementor-widget__width-initial elementor-widget-tablet__width-inherit elementor-widget-mobile__width-inherit elementor-absolute elementor-widget elementor-widget-spacer\" data-id=\"fbce1de\" data-element_type=\"widget\" data-e-type=\"widget\" data-settings=\"{&quot;_position&quot;:&quot;absolute&quot;}\" data-widget_type=\"spacer.default\">\n\t\t\t\t<div class=\"elementor-widget-container\">\n\t\t\t\t\t\t\t<div class=\"elementor-spacer\">\n\t\t\t<div class=\"elementor-spacer-inner\"><\/div>\n\t\t<\/div>\n\t\t\t\t\t\t<\/div>\n\t\t\t\t<\/div>\n\t\t\t\t\t<\/div>\n\t\t<\/div>\n\t\t\t\t\t<\/div>\n\t\t<\/section>\n\t\t\t\t<section class=\"elementor-section elementor-top-section elementor-element elementor-element-56e6c2f8 elementor-section-height-min-height elementor-section-items-stretch elementor-section-content-middle elementor-section-boxed elementor-section-height-default\" data-id=\"56e6c2f8\" data-element_type=\"section\" data-e-type=\"section\" data-settings=\"{&quot;background_background&quot;:&quot;classic&quot;}\">\n\t\t\t\t\t\t<div class=\"elementor-container elementor-column-gap-no\">\n\t\t\t\t\t<div class=\"elementor-column elementor-col-100 elementor-top-column elementor-element elementor-element-d34561e\" data-id=\"d34561e\" data-element_type=\"column\" data-e-type=\"column\" data-settings=\"{&quot;background_background&quot;:&quot;classic&quot;}\">\n\t\t\t<div class=\"elementor-widget-wrap elementor-element-populated\">\n\t\t\t\t\t\t<div class=\"elementor-element elementor-element-4f8581e7 elementor-invisible elementor-widget elementor-widget-heading\" data-id=\"4f8581e7\" data-element_type=\"widget\" data-e-type=\"widget\" data-settings=\"{&quot;_animation&quot;:&quot;fadeIn&quot;,&quot;_animation_delay&quot;:400}\" data-widget_type=\"heading.default\">\n\t\t\t\t<div class=\"elementor-widget-container\">\n\t\t\t\t\t<h2 class=\"elementor-heading-title elementor-size-default\">Sehnsucht bleibt<\/h2>\t\t\t\t<\/div>\n\t\t\t\t<\/div>\n\t\t\t\t<div class=\"elementor-element elementor-element-4603fe2e elementor-invisible elementor-widget elementor-widget-text-editor\" data-id=\"4603fe2e\" data-element_type=\"widget\" data-e-type=\"widget\" data-settings=\"{&quot;_animation&quot;:&quot;fadeIn&quot;,&quot;_animation_delay&quot;:600}\" data-widget_type=\"text-editor.default\">\n\t\t\t\t<div class=\"elementor-widget-container\">\n\t\t\t\t\t\t\t\t\t<p><strong>\u201eIch hab Heimweh, Fernweh, Sehnsucht\u2026 ich wei\u00df nicht, was es ist.\u201c<\/strong><\/p><p>Sehnsucht ist dieses schwer zu beschreibende, komplexe Gef\u00fchl, was uns von Zeit zu Zeit packt und in Richtung Zukunft zieht. Sehnsucht kann Motor bedeutsamer Entscheidungen sein, kann eine wilde Liebe entz\u00fcnden und die Kunst befeuern. Sehnsucht wird besungen und geliebt als bitter-s\u00fc\u00dfer Schmerz, und sie wird als schlafender Hund gef\u00fcrchtet, den man besser nicht weckt. Denn ist sie einmal erwacht, verfolgt sie uns mitunter bis ans Ende unseres Lebens.<\/p>\t\t\t\t\t\t\t\t<\/div>\n\t\t\t\t<\/div>\n\t\t\t\t<div class=\"elementor-element elementor-element-cb27ce5 elementor-hidden-mobile elementor-invisible elementor-widget elementor-widget-image\" data-id=\"cb27ce5\" data-element_type=\"widget\" data-e-type=\"widget\" data-settings=\"{&quot;_animation&quot;:&quot;slideInDown&quot;}\" data-widget_type=\"image.default\">\n\t\t\t\t<div class=\"elementor-widget-container\">\n\t\t\t\t\t\t\t\t\t\t\t\t\t\t\t<img decoding=\"async\" width=\"684\" height=\"1024\" src=\"https:\/\/www.editionfredebold.de\/wp-content\/uploads\/2022\/01\/9783944607191-2-684x1024.jpg\" class=\"attachment-large size-large wp-image-6546\" alt=\"\" srcset=\"https:\/\/www.editionfredebold.de\/wp-content\/uploads\/2022\/01\/9783944607191-2-684x1024.jpg 684w, https:\/\/www.editionfredebold.de\/wp-content\/uploads\/2022\/01\/9783944607191-2-300x450.jpg 300w, https:\/\/www.editionfredebold.de\/wp-content\/uploads\/2022\/01\/9783944607191-2-600x898.jpg 600w, https:\/\/www.editionfredebold.de\/wp-content\/uploads\/2022\/01\/9783944607191-2-200x300.jpg 200w, https:\/\/www.editionfredebold.de\/wp-content\/uploads\/2022\/01\/9783944607191-2-768x1149.jpg 768w, https:\/\/www.editionfredebold.de\/wp-content\/uploads\/2022\/01\/9783944607191-2.jpg 832w\" sizes=\"(max-width: 684px) 100vw, 684px\" \/>\t\t\t\t\t\t\t\t\t\t\t\t\t\t\t<\/div>\n\t\t\t\t<\/div>\n\t\t\t\t\t<\/div>\n\t\t<\/div>\n\t\t\t\t\t<\/div>\n\t\t<\/section>\n\t\t\t\t<section class=\"elementor-section elementor-top-section elementor-element elementor-element-57ec8e9d elementor-section-full_width elementor-section-height-min-height elementor-section-items-stretch elementor-section-content-middle elementor-section-height-default\" data-id=\"57ec8e9d\" data-element_type=\"section\" data-e-type=\"section\">\n\t\t\t\t\t\t<div class=\"elementor-container elementor-column-gap-no\">\n\t\t\t\t\t<div class=\"elementor-column elementor-col-100 elementor-top-column elementor-element elementor-element-6ccda76d\" data-id=\"6ccda76d\" data-element_type=\"column\" data-e-type=\"column\">\n\t\t\t<div class=\"elementor-widget-wrap elementor-element-populated\">\n\t\t\t\t\t\t<div class=\"elementor-element elementor-element-1a7908f0 elementor-widget__width-auto elementor-absolute elementor-invisible elementor-widget elementor-widget-image\" data-id=\"1a7908f0\" data-element_type=\"widget\" data-e-type=\"widget\" data-settings=\"{&quot;_animation&quot;:&quot;slideInLeft&quot;,&quot;_position&quot;:&quot;absolute&quot;}\" data-widget_type=\"image.default\">\n\t\t\t\t<div class=\"elementor-widget-container\">\n\t\t\t\t\t\t\t\t\t\t\t\t\t\t\t\t<a href=\"https:\/\/www.editionfredebold.de\/index.php\/kriemhild-frieda-marie-mader\/\">\n\t\t\t\t\t\t\t<img decoding=\"async\" width=\"610\" height=\"837\" src=\"https:\/\/www.editionfredebold.de\/wp-content\/uploads\/2022\/01\/mad_foto_s.jpg\" class=\"attachment-large size-large wp-image-6407\" alt=\"\" srcset=\"https:\/\/www.editionfredebold.de\/wp-content\/uploads\/2022\/01\/mad_foto_s.jpg 610w, https:\/\/www.editionfredebold.de\/wp-content\/uploads\/2022\/01\/mad_foto_s-600x823.jpg 600w, https:\/\/www.editionfredebold.de\/wp-content\/uploads\/2022\/01\/mad_foto_s-219x300.jpg 219w\" sizes=\"(max-width: 610px) 100vw, 610px\" \/>\t\t\t\t\t\t\t\t<\/a>\n\t\t\t\t\t\t\t\t\t\t\t\t\t\t\t<\/div>\n\t\t\t\t<\/div>\n\t\t\t\t<div class=\"elementor-element elementor-element-755a3f2a elementor-widget__width-auto elementor-absolute elementor-hidden-mobile elementor-invisible elementor-widget elementor-widget-image\" data-id=\"755a3f2a\" data-element_type=\"widget\" data-e-type=\"widget\" data-settings=\"{&quot;_animation&quot;:&quot;slideInRight&quot;,&quot;_animation_delay&quot;:200,&quot;_position&quot;:&quot;absolute&quot;}\" data-widget_type=\"image.default\">\n\t\t\t\t<div class=\"elementor-widget-container\">\n\t\t\t\t\t\t\t\t\t\t\t\t\t\t\t<img loading=\"lazy\" decoding=\"async\" width=\"688\" height=\"1024\" src=\"https:\/\/www.editionfredebold.de\/wp-content\/uploads\/2022\/01\/5741-Mader-Umschlag-RZ-V4-688x1024.jpg\" class=\"attachment-large size-large wp-image-6603\" alt=\"\" srcset=\"https:\/\/www.editionfredebold.de\/wp-content\/uploads\/2022\/01\/5741-Mader-Umschlag-RZ-V4-688x1024.jpg 688w, https:\/\/www.editionfredebold.de\/wp-content\/uploads\/2022\/01\/5741-Mader-Umschlag-RZ-V4-600x893.jpg 600w, https:\/\/www.editionfredebold.de\/wp-content\/uploads\/2022\/01\/5741-Mader-Umschlag-RZ-V4-202x300.jpg 202w, https:\/\/www.editionfredebold.de\/wp-content\/uploads\/2022\/01\/5741-Mader-Umschlag-RZ-V4-768x1143.jpg 768w, https:\/\/www.editionfredebold.de\/wp-content\/uploads\/2022\/01\/5741-Mader-Umschlag-RZ-V4-1032x1536.jpg 1032w, https:\/\/www.editionfredebold.de\/wp-content\/uploads\/2022\/01\/5741-Mader-Umschlag-RZ-V4-1376x2048.jpg 1376w, https:\/\/www.editionfredebold.de\/wp-content\/uploads\/2022\/01\/5741-Mader-Umschlag-RZ-V4.jpg 1476w\" sizes=\"(max-width: 688px) 100vw, 688px\" \/>\t\t\t\t\t\t\t\t\t\t\t\t\t\t\t<\/div>\n\t\t\t\t<\/div>\n\t\t\t\t<section class=\"elementor-section elementor-inner-section elementor-element elementor-element-37a244c0 elementor-section-height-min-height elementor-section-content-middle elementor-section-boxed elementor-section-height-default\" data-id=\"37a244c0\" data-element_type=\"section\" data-e-type=\"section\" data-settings=\"{&quot;background_background&quot;:&quot;classic&quot;}\">\n\t\t\t\t\t\t<div class=\"elementor-container elementor-column-gap-no\">\n\t\t\t\t\t<div class=\"elementor-column elementor-col-100 elementor-inner-column elementor-element elementor-element-3569a9ac\" data-id=\"3569a9ac\" data-element_type=\"column\" data-e-type=\"column\">\n\t\t\t<div class=\"elementor-widget-wrap elementor-element-populated\">\n\t\t\t\t\t\t<div class=\"elementor-element elementor-element-5a6347a9 elementor-invisible elementor-widget elementor-widget-heading\" data-id=\"5a6347a9\" data-element_type=\"widget\" data-e-type=\"widget\" data-settings=\"{&quot;_animation&quot;:&quot;fadeIn&quot;}\" data-widget_type=\"heading.default\">\n\t\t\t\t<div class=\"elementor-widget-container\">\n\t\t\t\t\t<h2 class=\"elementor-heading-title elementor-size-default\">Vom Leben am Rand der roten Scheibe<\/h2>\t\t\t\t<\/div>\n\t\t\t\t<\/div>\n\t\t\t\t<div class=\"elementor-element elementor-element-5b8c7c52 elementor-invisible elementor-widget elementor-widget-text-editor\" data-id=\"5b8c7c52\" data-element_type=\"widget\" data-e-type=\"widget\" data-settings=\"{&quot;_animation&quot;:&quot;fadeIn&quot;,&quot;_animation_delay&quot;:200}\" data-widget_type=\"text-editor.default\">\n\t\t\t\t<div class=\"elementor-widget-container\">\n\t\t\t\t\t\t\t\t\t<p>\u00a0<\/p><p>\u201e\u2026Aus dem Osten kam sie, und der war f\u00fcr Ute eine rote Scheibe. \u00dcberst\u00fclpt von einem Himmelszelt voller revolution\u00e4r-sozialistischen Ged\u00f6ns. Miefig war er, der Osten. H\u00e4tte sie irgendjemand wegen ihrer Herkunft bedauert, dann h\u00e4tte der schon was zu h\u00f6ren gekriegt. Aber was sie wirklich schlimm fand, war die Tatsache, dass sie vom Rande dieser Scheibe stammte. Der verhinderte ja nicht nur den Absturz von ihr. Der grenzte Ute auch vom Rest der Scheibe aus\u2026\u201c<\/p>\t\t\t\t\t\t\t\t<\/div>\n\t\t\t\t<\/div>\n\t\t\t\t\t<\/div>\n\t\t<\/div>\n\t\t\t\t\t<\/div>\n\t\t<\/section>\n\t\t\t\t\t<\/div>\n\t\t<\/div>\n\t\t\t\t\t<\/div>\n\t\t<\/section>\n\t\t\t\t<section class=\"elementor-section elementor-top-section elementor-element elementor-element-5ee827d7 elementor-section-height-min-height elementor-section-items-stretch elementor-section-content-top elementor-section-boxed elementor-section-height-default\" data-id=\"5ee827d7\" data-element_type=\"section\" data-e-type=\"section\" data-settings=\"{&quot;background_background&quot;:&quot;classic&quot;}\">\n\t\t\t\t\t\t<div class=\"elementor-container elementor-column-gap-no\">\n\t\t\t\t\t<div class=\"elementor-column elementor-col-50 elementor-top-column elementor-element elementor-element-70427b1d\" data-id=\"70427b1d\" data-element_type=\"column\" data-e-type=\"column\" data-settings=\"{&quot;background_background&quot;:&quot;classic&quot;}\">\n\t\t\t<div class=\"elementor-widget-wrap elementor-element-populated\">\n\t\t\t\t\t\t<div class=\"elementor-element elementor-element-7c26e51d elementor-invisible elementor-widget elementor-widget-image-box\" data-id=\"7c26e51d\" data-element_type=\"widget\" data-e-type=\"widget\" data-settings=\"{&quot;_animation&quot;:&quot;fadeIn&quot;,&quot;_animation_delay&quot;:400}\" data-widget_type=\"image-box.default\">\n\t\t\t\t<div class=\"elementor-widget-container\">\n\t\t\t\t\t<div class=\"elementor-image-box-wrapper\"><div class=\"elementor-image-box-content\"><h3 class=\"elementor-image-box-title\">KURT HOLL<\/h3><p class=\"elementor-image-box-description\">Uneitel, kompromisslos, nur r\u00fccksichtslos gegen sich selbst, wenn es darum ging, denen eine Stimme zu geben, die keine (Mit-) Sprache hatten. Kurt Holl verschrieb sich mit Leib und Seele diesem Motto. Mit seiner beeindruckenden Autobiografie belegt er nachhaltig, dass die \u00dcberf\u00fchrung des revolution\u00e4ren Geistes der 68er Jahre in die heutige Zeit gelungen und lebendig gehalten ist.<\/p><\/div><\/div>\t\t\t\t<\/div>\n\t\t\t\t<\/div>\n\t\t\t\t<div class=\"elementor-element elementor-element-69896cbc elementor-widget__width-initial elementor-widget-tablet__width-inherit elementor-widget-mobile__width-inherit elementor-absolute elementor-widget elementor-widget-spacer\" data-id=\"69896cbc\" data-element_type=\"widget\" data-e-type=\"widget\" data-settings=\"{&quot;_position&quot;:&quot;absolute&quot;}\" data-widget_type=\"spacer.default\">\n\t\t\t\t<div class=\"elementor-widget-container\">\n\t\t\t\t\t\t\t<div class=\"elementor-spacer\">\n\t\t\t<div class=\"elementor-spacer-inner\"><\/div>\n\t\t<\/div>\n\t\t\t\t\t\t<\/div>\n\t\t\t\t<\/div>\n\t\t\t\t\t<\/div>\n\t\t<\/div>\n\t\t\t\t<div class=\"elementor-column elementor-col-50 elementor-top-column elementor-element elementor-element-2b8e3c27\" data-id=\"2b8e3c27\" data-element_type=\"column\" data-e-type=\"column\">\n\t\t\t<div class=\"elementor-widget-wrap elementor-element-populated\">\n\t\t\t\t\t\t<div class=\"elementor-element elementor-element-10888e89 elementor-hidden-mobile elementor-invisible elementor-widget elementor-widget-image\" data-id=\"10888e89\" data-element_type=\"widget\" data-e-type=\"widget\" data-settings=\"{&quot;_animation&quot;:&quot;slideInUp&quot;}\" data-widget_type=\"image.default\">\n\t\t\t\t<div class=\"elementor-widget-container\">\n\t\t\t\t\t\t\t\t\t\t\t\t\t\t\t\t<a href=\"https:\/\/www.editionfredebold.de\/index.php\/kurt-holl\/\">\n\t\t\t\t\t\t\t<img loading=\"lazy\" decoding=\"async\" width=\"627\" height=\"1024\" src=\"https:\/\/www.editionfredebold.de\/wp-content\/uploads\/2022\/01\/180903_holl_HC_Cover_RZ-627x1024.jpg\" class=\"attachment-large size-large wp-image-6583\" alt=\"\" srcset=\"https:\/\/www.editionfredebold.de\/wp-content\/uploads\/2022\/01\/180903_holl_HC_Cover_RZ-627x1024.jpg 627w, https:\/\/www.editionfredebold.de\/wp-content\/uploads\/2022\/01\/180903_holl_HC_Cover_RZ-600x980.jpg 600w, https:\/\/www.editionfredebold.de\/wp-content\/uploads\/2022\/01\/180903_holl_HC_Cover_RZ-184x300.jpg 184w, https:\/\/www.editionfredebold.de\/wp-content\/uploads\/2022\/01\/180903_holl_HC_Cover_RZ-768x1254.jpg 768w, https:\/\/www.editionfredebold.de\/wp-content\/uploads\/2022\/01\/180903_holl_HC_Cover_RZ-941x1536.jpg 941w, https:\/\/www.editionfredebold.de\/wp-content\/uploads\/2022\/01\/180903_holl_HC_Cover_RZ-1254x2048.jpg 1254w, https:\/\/www.editionfredebold.de\/wp-content\/uploads\/2022\/01\/180903_holl_HC_Cover_RZ.jpg 1512w\" sizes=\"(max-width: 627px) 100vw, 627px\" \/>\t\t\t\t\t\t\t\t<\/a>\n\t\t\t\t\t\t\t\t\t\t\t\t\t\t\t<\/div>\n\t\t\t\t<\/div>\n\t\t\t\t\t<\/div>\n\t\t<\/div>\n\t\t\t\t\t<\/div>\n\t\t<\/section>\n\t\t\t\t<section class=\"elementor-section elementor-top-section elementor-element elementor-element-2ba6dba elementor-section-boxed elementor-section-height-default elementor-section-height-default\" data-id=\"2ba6dba\" data-element_type=\"section\" data-e-type=\"section\">\n\t\t\t\t\t\t<div class=\"elementor-container elementor-column-gap-default\">\n\t\t\t\t\t<div class=\"elementor-column elementor-col-100 elementor-top-column elementor-element elementor-element-df1351a\" data-id=\"df1351a\" data-element_type=\"column\" data-e-type=\"column\">\n\t\t\t<div class=\"elementor-widget-wrap elementor-element-populated\">\n\t\t\t\t\t\t<div class=\"elementor-element elementor-element-790ad97 elementor-widget elementor-widget-spacer\" data-id=\"790ad97\" data-element_type=\"widget\" data-e-type=\"widget\" data-widget_type=\"spacer.default\">\n\t\t\t\t<div class=\"elementor-widget-container\">\n\t\t\t\t\t\t\t<div class=\"elementor-spacer\">\n\t\t\t<div class=\"elementor-spacer-inner\"><\/div>\n\t\t<\/div>\n\t\t\t\t\t\t<\/div>\n\t\t\t\t<\/div>\n\t\t\t\t\t<\/div>\n\t\t<\/div>\n\t\t\t\t\t<\/div>\n\t\t<\/section>\n\t\t\t\t<\/div>\n\t\t","protected":false},"excerpt":{"rendered":"<p>WELTKLASSE Deutschland im Tiefschlaf \u2013 Weltklasse geht anders! F\u00fchlst du dich zunehmend von vorgegebenen Mustern eingeengt, von den Ver\u00e4nderungen \u00fcberw\u00e4ltigt und von der zunehmenden Flut an Vorschriften entmachtet? Hast Du das Gef\u00fchl, dass uns die Kontrolle \u00fcber unseren Planeten immer mehr entgleitet? Dass das politische Deutschland im Tiefschlaf liegt, sich im europ\u00e4ischen Phlegma ergibt und [&hellip;]<\/p>\n","protected":false},"author":12,"featured_media":0,"parent":0,"menu_order":0,"comment_status":"closed","ping_status":"closed","template":"","meta":{"footnotes":""},"class_list":["post-6157","page","type-page","status-publish","hentry"],"_links":{"self":[{"href":"https:\/\/www.editionfredebold.de\/index.php\/wp-json\/wp\/v2\/pages\/6157","targetHints":{"allow":["GET"]}}],"collection":[{"href":"https:\/\/www.editionfredebold.de\/index.php\/wp-json\/wp\/v2\/pages"}],"about":[{"href":"https:\/\/www.editionfredebold.de\/index.php\/wp-json\/wp\/v2\/types\/page"}],"author":[{"embeddable":true,"href":"https:\/\/www.editionfredebold.de\/index.php\/wp-json\/wp\/v2\/users\/12"}],"replies":[{"embeddable":true,"href":"https:\/\/www.editionfredebold.de\/index.php\/wp-json\/wp\/v2\/comments?post=6157"}],"version-history":[{"count":173,"href":"https:\/\/www.editionfredebold.de\/index.php\/wp-json\/wp\/v2\/pages\/6157\/revisions"}],"predecessor-version":[{"id":6943,"href":"https:\/\/www.editionfredebold.de\/index.php\/wp-json\/wp\/v2\/pages\/6157\/revisions\/6943"}],"wp:attachment":[{"href":"https:\/\/www.editionfredebold.de\/index.php\/wp-json\/wp\/v2\/media?parent=6157"}],"curies":[{"name":"wp","href":"https:\/\/api.w.org\/{rel}","templated":true}]}}